{"id":47,"date":"2026-03-24T18:50:12","date_gmt":"2026-03-24T18:50:12","guid":{"rendered":"https:\/\/serwer431481.lh.pl\/autoinstalator\/serwer431481.lh.pl\/wordpress156182\/?page_id=47"},"modified":"2026-03-29T16:36:59","modified_gmt":"2026-03-29T16:36:59","slug":"warsztaty","status":"publish","type":"page","link":"https:\/\/ewamartynkien.com\/index.php\/warsztaty\/","title":{"rendered":"Warsztaty"},"content":{"rendered":"\t\t<div data-elementor-type=\"wp-page\" data-elementor-id=\"47\" class=\"elementor elementor-47\">\n\t\t\t\t<div class=\"elementor-element elementor-element-a68b53b e-flex e-con-boxed e-con e-parent\" data-id=\"a68b53b\" data-element_type=\"container\" data-e-type=\"container\">\n\t\t\t\t\t<div class=\"e-con-inner\">\n\t\t\t\t<div class=\"elementor-element elementor-element-cb30682 premium-blog-align-left elementor-widget elementor-widget-premium-addon-blog\" data-id=\"cb30682\" data-element_type=\"widget\" data-e-type=\"widget\" data-settings=\"{&quot;premium_blog_columns_number&quot;:&quot;33.33%&quot;,&quot;filter_flag&quot;:&quot;cat&quot;,&quot;premium_blog_grid&quot;:&quot;yes&quot;,&quot;premium_blog_layout&quot;:&quot;even&quot;,&quot;premium_blog_columns_number_tablet&quot;:&quot;50%&quot;,&quot;premium_blog_columns_number_mobile&quot;:&quot;100%&quot;,&quot;scroll_to_offset&quot;:&quot;yes&quot;}\" data-widget_type=\"premium-addon-blog.default\">\n\t\t\t\t\t\n\t\t\t\t\t\t\t<div class=\"premium-blog-filter\">\n\t\t\t<ul class=\"premium-blog-filters-container\">\n\t\t\t\t\t\t\t\t\t<li>\n\t\t\t\t\t\t<a href=\"javascript:;\" class=\"category active\" data-filter=\"*\">\n\t\t\t\t\t\t\tAll\t\t\t\t\t\t<\/a>\n\t\t\t\t\t<\/li>\n\t\t\t\t\t\t\t\t\t\t\t\t\t\t<li>\n\t\t\t\t\t\t\t<a href=\"javascript:;\" class=\"category\" data-filter=\"dodruku\">\n\t\t\t\t\t\t\t\tDo druku\t\t\t\t\t\t\t<\/a>\n\t\t\t\t\t\t<\/li>\n\t\t\t\t\t\t\t\t\t\t<li>\n\t\t\t\t\t\t\t<a href=\"javascript:;\" class=\"category\" data-filter=\"spotkania\">\n\t\t\t\t\t\t\t\tSpotkania autorskie\t\t\t\t\t\t\t<\/a>\n\t\t\t\t\t\t<\/li>\n\t\t\t\t\t\t\t\t\t\t<li>\n\t\t\t\t\t\t\t<a href=\"javascript:;\" class=\"category\" data-filter=\"warsztaty\">\n\t\t\t\t\t\t\t\tWarsztaty\t\t\t\t\t\t\t<\/a>\n\t\t\t\t\t\t<\/li>\n\t\t\t\t\t\t\t\t\t\t<li>\n\t\t\t\t\t\t\t<a href=\"javascript:;\" class=\"category\" data-filter=\"zajecia\">\n\t\t\t\t\t\t\t\tZaj\u0119cia\t\t\t\t\t\t\t<\/a>\n\t\t\t\t\t\t<\/li>\n\t\t\t\t\t\t\t<\/ul>\n\t\t<\/div>\n\t\t\t\t\n\n\t\t\t\t<div class=\"premium-blog-wrap  premium-blog-even\" data-page=\"47\">\n\t\t\t\t\t\t\t\t\t<div class=\"premium-blog-post-outer-container dodruku\" data-total=\"1\">\n\t\t\t<div class=\"premium-blog-post-container premium-blog-skin-cards\">\n\t\t\t\t\t\t\t\t\t<div class=\"premium-blog-thumb-effect-wrapper\">\n\t\t\t\t\t\t<div class=\"premium-blog-thumbnail-container premium-blog-zoomin-effect\">\n\t\t\t\t\t\t\t\t\t\t\t<a href=\"https:\/\/ewamartynkien.com\/index.php\/2026\/03\/29\/do-wydruku\/\" target=\"_blank\">\n\t\t\t\t<img fetchpriority=\"high\" decoding=\"async\" width=\"1200\" height=\"1200\" src=\"https:\/\/ewamartynkien.com\/wp-content\/uploads\/2026\/03\/4.png\" class=\"attachment-full size-full wp-image-374\" alt=\"\" srcset=\"https:\/\/ewamartynkien.com\/wp-content\/uploads\/2026\/03\/4.png 1200w, https:\/\/ewamartynkien.com\/wp-content\/uploads\/2026\/03\/4-300x300.png 300w, https:\/\/ewamartynkien.com\/wp-content\/uploads\/2026\/03\/4-1024x1024.png 1024w, https:\/\/ewamartynkien.com\/wp-content\/uploads\/2026\/03\/4-150x150.png 150w, https:\/\/ewamartynkien.com\/wp-content\/uploads\/2026\/03\/4-768x768.png 768w\" sizes=\"(max-width: 1200px) 100vw, 1200px\" \/>\t\t\t\t<\/a>\n\t\t\t\t\t\t\t\t\t\t<\/div>\n\t\t\t\t\t\t\t\t\t\t\t\t\t<div class=\"premium-blog-effect-container premium-blog-framed-effect\">\n\t\t\t\t\t\t\t\t<a class=\"premium-blog-post-link\" href=\"https:\/\/ewamartynkien.com\/index.php\/2026\/03\/29\/do-wydruku\/\" target=\"_blank\"><span>Do wydruku<\/span><\/a>\n\t\t\t\t\t\t\t\t\t\t\t\t\t\t\t<\/div>\n\t\t\t\t\t\t\t\t\t\t\t<\/div>\n\t\t\t\t\t\t\t\t\t\t\t\t\t\t\t\t\t\t\t\t\t<div class=\"premium-blog-content-wrapper \">\n\n\t\t\t\t\t<div class=\"premium-blog-inner-container\">\n\n\t\t\t\t\t\t\t\t\t\t\t\t\t\t<h2 class=\"premium-blog-entry-title\">\n\t\t\t<a href=\"https:\/\/ewamartynkien.com\/index.php\/2026\/03\/29\/do-wydruku\/\" target=\"_blank\">\n\t\t\t\tDo wydruku\t\t\t<\/a>\n\t\t<\/h2>\n\t\t\n\t\t\t\t\t<\/div>\n\n\t\t\t\t\t\t\t<div class=\"premium-blog-content-inner-wrapper\">\n\t\t<p class=\"premium-blog-post-content\">Strona w trakcie tworzenia, zapraszam wkr\u00f3tce<\/p>\t\t<\/div>\n\t\t\t\t<div class=\"premium-blog-entry-meta\">\n\t\t\t\n\t\t\t\n\t\t\t\t\t\t\t<span class=\"premium-blog-meta-separator\">\u2022<\/span>\n\t\t\t\t<div class=\"premium-blog-post-categories premium-blog-meta-data\">\n\t\t\t\t\t<i class=\"fa fa-align-left fa-fw\" aria-hidden=\"true\"><\/i>\n\t\t\t\t\t<a href=\"https:\/\/ewamartynkien.com\/index.php\/category\/dodruku\/\" rel=\"category tag\">Do druku<\/a>\t\t\t\t<\/div>\n\t\t\t\n\t\t\t\t\t\t\t<span class=\"premium-blog-meta-separator\">\u2022<\/span>\n\t\t\t\t<div class=\"premium-blog-post-comments premium-blog-meta-data\">\n\t\t\t\t\t<i class=\"fa fa-comments-o fa-fw\" aria-hidden=\"true\"><\/i>\n\t\t\t\t\t<a href=\"https:\/\/ewamartynkien.com\/index.php\/2026\/03\/29\/do-wydruku\/#respond\">No Comments<\/a>\t\t\t\t<\/div>\n\t\t\t\t\t<\/div>\n\t\t\t\t\t\t\t\n\t\t\t\t<\/div>\n\t\t\t<\/div>\n\t\t<\/div>\n\n\t\t\t\t<div class=\"premium-blog-post-outer-container spotkania\" data-total=\"1\">\n\t\t\t<div class=\"premium-blog-post-container premium-blog-skin-cards\">\n\t\t\t\t\t\t\t\t\t<div class=\"premium-blog-thumb-effect-wrapper\">\n\t\t\t\t\t\t<div class=\"premium-blog-thumbnail-container premium-blog-zoomin-effect\">\n\t\t\t\t\t\t\t\t\t\t\t<a href=\"https:\/\/ewamartynkien.com\/index.php\/2026\/03\/29\/spotkania-autorskie\/\" target=\"_blank\">\n\t\t\t\t<img decoding=\"async\" width=\"1200\" height=\"1200\" src=\"https:\/\/ewamartynkien.com\/wp-content\/uploads\/2026\/03\/3.png\" class=\"attachment-full size-full wp-image-364\" alt=\"\" srcset=\"https:\/\/ewamartynkien.com\/wp-content\/uploads\/2026\/03\/3.png 1200w, https:\/\/ewamartynkien.com\/wp-content\/uploads\/2026\/03\/3-300x300.png 300w, https:\/\/ewamartynkien.com\/wp-content\/uploads\/2026\/03\/3-1024x1024.png 1024w, https:\/\/ewamartynkien.com\/wp-content\/uploads\/2026\/03\/3-150x150.png 150w, https:\/\/ewamartynkien.com\/wp-content\/uploads\/2026\/03\/3-768x768.png 768w\" sizes=\"(max-width: 1200px) 100vw, 1200px\" \/>\t\t\t\t<\/a>\n\t\t\t\t\t\t\t\t\t\t<\/div>\n\t\t\t\t\t\t\t\t\t\t\t\t\t<div class=\"premium-blog-effect-container premium-blog-framed-effect\">\n\t\t\t\t\t\t\t\t<a class=\"premium-blog-post-link\" href=\"https:\/\/ewamartynkien.com\/index.php\/2026\/03\/29\/spotkania-autorskie\/\" target=\"_blank\"><span>Spotkania autorskie<\/span><\/a>\n\t\t\t\t\t\t\t\t\t\t\t\t\t\t\t<\/div>\n\t\t\t\t\t\t\t\t\t\t\t<\/div>\n\t\t\t\t\t\t\t\t\t\t\t\t\t\t\t\t\t\t\t\t\t<div class=\"premium-blog-content-wrapper \">\n\n\t\t\t\t\t<div class=\"premium-blog-inner-container\">\n\n\t\t\t\t\t\t\t\t\t\t\t\t\t\t<h2 class=\"premium-blog-entry-title\">\n\t\t\t<a href=\"https:\/\/ewamartynkien.com\/index.php\/2026\/03\/29\/spotkania-autorskie\/\" target=\"_blank\">\n\t\t\t\tSpotkania autorskie\t\t\t<\/a>\n\t\t<\/h2>\n\t\t\n\t\t\t\t\t<\/div>\n\n\t\t\t\t\t\t\t<div class=\"premium-blog-content-inner-wrapper\">\n\t\t<p class=\"premium-blog-post-content\">Spotkania autorskie\u00a0 Spotkania autorskie w szko\u0142ach i bibliotekach Podczas spotka\u0144 prowadz\u0119 rozmowy z dzie\u0107mi w oparciu o w\u0142asn\u0105 tw\u00f3rczo\u015b\u0107. Czas trwania 45 \u2026<\/p>\t\t<\/div>\n\t\t\t\t<div class=\"premium-blog-entry-meta\">\n\t\t\t\n\t\t\t\n\t\t\t\t\t\t\t<span class=\"premium-blog-meta-separator\">\u2022<\/span>\n\t\t\t\t<div class=\"premium-blog-post-categories premium-blog-meta-data\">\n\t\t\t\t\t<i class=\"fa fa-align-left fa-fw\" aria-hidden=\"true\"><\/i>\n\t\t\t\t\t<a href=\"https:\/\/ewamartynkien.com\/index.php\/category\/spotkania\/\" rel=\"category tag\">Spotkania autorskie<\/a>\t\t\t\t<\/div>\n\t\t\t\n\t\t\t\t\t\t\t<span class=\"premium-blog-meta-separator\">\u2022<\/span>\n\t\t\t\t<div class=\"premium-blog-post-comments premium-blog-meta-data\">\n\t\t\t\t\t<i class=\"fa fa-comments-o fa-fw\" aria-hidden=\"true\"><\/i>\n\t\t\t\t\t<a href=\"https:\/\/ewamartynkien.com\/index.php\/2026\/03\/29\/spotkania-autorskie\/#respond\">No Comments<\/a>\t\t\t\t<\/div>\n\t\t\t\t\t<\/div>\n\t\t\t\t\t\t\t\n\t\t\t\t<\/div>\n\t\t\t<\/div>\n\t\t<\/div>\n\n\t\t\t\t<div class=\"premium-blog-post-outer-container zajecia\" data-total=\"1\">\n\t\t\t<div class=\"premium-blog-post-container premium-blog-skin-cards\">\n\t\t\t\t\t\t\t\t\t<div class=\"premium-blog-thumb-effect-wrapper\">\n\t\t\t\t\t\t<div class=\"premium-blog-thumbnail-container premium-blog-zoomin-effect\">\n\t\t\t\t\t\t\t\t\t\t\t<a href=\"https:\/\/ewamartynkien.com\/index.php\/2026\/03\/29\/zajecia\/\" target=\"_blank\">\n\t\t\t\t<img decoding=\"async\" width=\"1200\" height=\"1200\" src=\"https:\/\/ewamartynkien.com\/wp-content\/uploads\/2026\/03\/1.png\" class=\"attachment-full size-full wp-image-337\" alt=\"\" srcset=\"https:\/\/ewamartynkien.com\/wp-content\/uploads\/2026\/03\/1.png 1200w, https:\/\/ewamartynkien.com\/wp-content\/uploads\/2026\/03\/1-300x300.png 300w, https:\/\/ewamartynkien.com\/wp-content\/uploads\/2026\/03\/1-1024x1024.png 1024w, https:\/\/ewamartynkien.com\/wp-content\/uploads\/2026\/03\/1-150x150.png 150w, https:\/\/ewamartynkien.com\/wp-content\/uploads\/2026\/03\/1-768x768.png 768w\" sizes=\"(max-width: 1200px) 100vw, 1200px\" \/>\t\t\t\t<\/a>\n\t\t\t\t\t\t\t\t\t\t<\/div>\n\t\t\t\t\t\t\t\t\t\t\t\t\t<div class=\"premium-blog-effect-container premium-blog-framed-effect\">\n\t\t\t\t\t\t\t\t<a class=\"premium-blog-post-link\" href=\"https:\/\/ewamartynkien.com\/index.php\/2026\/03\/29\/zajecia\/\" target=\"_blank\"><span>Zaj\u0119cia<\/span><\/a>\n\t\t\t\t\t\t\t\t\t\t\t\t\t\t\t<\/div>\n\t\t\t\t\t\t\t\t\t\t\t<\/div>\n\t\t\t\t\t\t\t\t\t\t\t\t\t\t\t\t\t\t\t\t\t<div class=\"premium-blog-content-wrapper \">\n\n\t\t\t\t\t<div class=\"premium-blog-inner-container\">\n\n\t\t\t\t\t\t\t\t\t\t\t\t\t\t<h2 class=\"premium-blog-entry-title\">\n\t\t\t<a href=\"https:\/\/ewamartynkien.com\/index.php\/2026\/03\/29\/zajecia\/\" target=\"_blank\">\n\t\t\t\tZaj\u0119cia\t\t\t<\/a>\n\t\t<\/h2>\n\t\t\n\t\t\t\t\t<\/div>\n\n\t\t\t\t\t\t\t<div class=\"premium-blog-content-inner-wrapper\">\n\t\t<p class=\"premium-blog-post-content\">1. Przedszkola (dzieci 4+): W Magicznym Lesie\u00a0\u00a0\u2013 warsztaty opowiadania obrazem. Zaj\u0119cia literacko plastyczne. (czas trwania ustalamy indywidualnie).\u00a0 Zamkowe historie\u00a0\u2013 wraz nietoperzem Mopkiem, \u2026<\/p>\t\t<\/div>\n\t\t\t\t<div class=\"premium-blog-entry-meta\">\n\t\t\t\n\t\t\t\n\t\t\t\t\t\t\t<span class=\"premium-blog-meta-separator\">\u2022<\/span>\n\t\t\t\t<div class=\"premium-blog-post-categories premium-blog-meta-data\">\n\t\t\t\t\t<i class=\"fa fa-align-left fa-fw\" aria-hidden=\"true\"><\/i>\n\t\t\t\t\t<a href=\"https:\/\/ewamartynkien.com\/index.php\/category\/zajecia\/\" rel=\"category tag\">Zaj\u0119cia<\/a>\t\t\t\t<\/div>\n\t\t\t\n\t\t\t\t\t\t\t<span class=\"premium-blog-meta-separator\">\u2022<\/span>\n\t\t\t\t<div class=\"premium-blog-post-comments premium-blog-meta-data\">\n\t\t\t\t\t<i class=\"fa fa-comments-o fa-fw\" aria-hidden=\"true\"><\/i>\n\t\t\t\t\t<a href=\"https:\/\/ewamartynkien.com\/index.php\/2026\/03\/29\/zajecia\/#respond\">No Comments<\/a>\t\t\t\t<\/div>\n\t\t\t\t\t<\/div>\n\t\t\t\t\t\t\t\n\t\t\t\t<\/div>\n\t\t\t<\/div>\n\t\t<\/div>\n\n\t\t\t\t<div class=\"premium-blog-post-outer-container warsztaty\" data-total=\"1\">\n\t\t\t<div class=\"premium-blog-post-container premium-blog-skin-cards\">\n\t\t\t\t\t\t\t\t\t<div class=\"premium-blog-thumb-effect-wrapper\">\n\t\t\t\t\t\t<div class=\"premium-blog-thumbnail-container premium-blog-zoomin-effect\">\n\t\t\t\t\t\t\t\t\t\t\t<a href=\"https:\/\/ewamartynkien.com\/index.php\/2026\/03\/29\/popisajki\/\" target=\"_blank\">\n\t\t\t\t<img loading=\"lazy\" decoding=\"async\" width=\"1200\" height=\"1200\" src=\"https:\/\/ewamartynkien.com\/wp-content\/uploads\/2026\/03\/2.png\" class=\"attachment-full size-full wp-image-276\" alt=\"\" srcset=\"https:\/\/ewamartynkien.com\/wp-content\/uploads\/2026\/03\/2.png 1200w, https:\/\/ewamartynkien.com\/wp-content\/uploads\/2026\/03\/2-300x300.png 300w, https:\/\/ewamartynkien.com\/wp-content\/uploads\/2026\/03\/2-1024x1024.png 1024w, https:\/\/ewamartynkien.com\/wp-content\/uploads\/2026\/03\/2-150x150.png 150w, https:\/\/ewamartynkien.com\/wp-content\/uploads\/2026\/03\/2-768x768.png 768w\" sizes=\"(max-width: 1200px) 100vw, 1200px\" \/>\t\t\t\t<\/a>\n\t\t\t\t\t\t\t\t\t\t<\/div>\n\t\t\t\t\t\t\t\t\t\t\t\t\t<div class=\"premium-blog-effect-container premium-blog-framed-effect\">\n\t\t\t\t\t\t\t\t<a class=\"premium-blog-post-link\" href=\"https:\/\/ewamartynkien.com\/index.php\/2026\/03\/29\/popisajki\/\" target=\"_blank\"><span>\u00a9POPISAJKI<\/span><\/a>\n\t\t\t\t\t\t\t\t\t\t\t\t\t\t\t<\/div>\n\t\t\t\t\t\t\t\t\t\t\t<\/div>\n\t\t\t\t\t\t\t\t\t\t\t\t\t\t\t\t\t\t\t\t\t<div class=\"premium-blog-content-wrapper \">\n\n\t\t\t\t\t<div class=\"premium-blog-inner-container\">\n\n\t\t\t\t\t\t\t\t\t\t\t\t\t\t<h2 class=\"premium-blog-entry-title\">\n\t\t\t<a href=\"https:\/\/ewamartynkien.com\/index.php\/2026\/03\/29\/popisajki\/\" target=\"_blank\">\n\t\t\t\t\u00a9POPISAJKI\t\t\t<\/a>\n\t\t<\/h2>\n\t\t\n\t\t\t\t\t<\/div>\n\n\t\t\t\t\t\t\t<div class=\"premium-blog-content-inner-wrapper\">\n\t\t<p class=\"premium-blog-post-content\">\u00a9POPISAJKI to autorskie warsztaty wspieraj\u0105ce proces tw\u00f3rczego opowiadania dla dzieci i m\u0142odzie\u017cy. Sztuka opowiadania, tworzenia narracji zar\u00f3wno w formie ustnej jak i \u2026<\/p>\t\t<\/div>\n\t\t\t\t<div class=\"premium-blog-entry-meta\">\n\t\t\t\n\t\t\t\n\t\t\t\t\t\t\t<span class=\"premium-blog-meta-separator\">\u2022<\/span>\n\t\t\t\t<div class=\"premium-blog-post-categories premium-blog-meta-data\">\n\t\t\t\t\t<i class=\"fa fa-align-left fa-fw\" aria-hidden=\"true\"><\/i>\n\t\t\t\t\t<a href=\"https:\/\/ewamartynkien.com\/index.php\/category\/warsztaty\/\" rel=\"category tag\">Warsztaty<\/a>\t\t\t\t<\/div>\n\t\t\t\n\t\t\t\t\t\t\t<span class=\"premium-blog-meta-separator\">\u2022<\/span>\n\t\t\t\t<div class=\"premium-blog-post-comments premium-blog-meta-data\">\n\t\t\t\t\t<i class=\"fa fa-comments-o fa-fw\" aria-hidden=\"true\"><\/i>\n\t\t\t\t\t<a href=\"https:\/\/ewamartynkien.com\/index.php\/2026\/03\/29\/popisajki\/#respond\">No Comments<\/a>\t\t\t\t<\/div>\n\t\t\t\t\t<\/div>\n\t\t\t\t\t\t\t\n\t\t\t\t<\/div>\n\t\t\t<\/div>\n\t\t<\/div>\n\n\t\t\t\t\t\t\t<\/div>\n\n\t\t\n\t\t\n\t\t\t\t\t\t<\/div>\n\t\t\t\t\t<\/div>\n\t\t\t\t<\/div>\n\t\t\t\t<\/div>\n\t\t","protected":false},"excerpt":{"rendered":"<p>All Warsztaty \u00a9POPISAJKI \u00a9POPISAJKI \u00a9POPISAJKI to autorskie warsztaty wspieraj\u0105ce proces tw\u00f3rczego opowiadania dla dzieci i m\u0142odzie\u017cy. Sztuka opowiadania, tworzenia narracji zar\u00f3wno w formie ustnej jak i \u2026 \u2022 Warsztaty \u2022 No Comments<\/p>\n","protected":false},"author":1,"featured_media":0,"parent":0,"menu_order":0,"comment_status":"closed","ping_status":"closed","template":"","meta":{"footnotes":""},"class_list":["post-47","page","type-page","status-publish","hentry"],"_links":{"self":[{"href":"https:\/\/ewamartynkien.com\/index.php\/wp-json\/wp\/v2\/pages\/47","targetHints":{"allow":["GET"]}}],"collection":[{"href":"https:\/\/ewamartynkien.com\/index.php\/wp-json\/wp\/v2\/pages"}],"about":[{"href":"https:\/\/ewamartynkien.com\/index.php\/wp-json\/wp\/v2\/types\/page"}],"author":[{"embeddable":true,"href":"https:\/\/ewamartynkien.com\/index.php\/wp-json\/wp\/v2\/users\/1"}],"replies":[{"embeddable":true,"href":"https:\/\/ewamartynkien.com\/index.php\/wp-json\/wp\/v2\/comments?post=47"}],"version-history":[{"count":11,"href":"https:\/\/ewamartynkien.com\/index.php\/wp-json\/wp\/v2\/pages\/47\/revisions"}],"predecessor-version":[{"id":328,"href":"https:\/\/ewamartynkien.com\/index.php\/wp-json\/wp\/v2\/pages\/47\/revisions\/328"}],"wp:attachment":[{"href":"https:\/\/ewamartynkien.com\/index.php\/wp-json\/wp\/v2\/media?parent=47"}],"curies":[{"name":"wp","href":"https:\/\/api.w.org\/{rel}","templated":true}]}}