{"id":51,"date":"2026-03-24T19:12:37","date_gmt":"2026-03-24T19:12:37","guid":{"rendered":"https:\/\/serwer431481.lh.pl\/autoinstalator\/serwer431481.lh.pl\/wordpress156182\/?page_id=51"},"modified":"2026-04-13T15:12:04","modified_gmt":"2026-04-13T15:12:04","slug":"ksiazki","status":"publish","type":"page","link":"https:\/\/ewamartynkien.com\/index.php\/ksiazki\/","title":{"rendered":"Ksi\u0105\u017cki"},"content":{"rendered":"\t\t<div data-elementor-type=\"wp-page\" data-elementor-id=\"51\" class=\"elementor elementor-51\">\n\t\t\t\t<div class=\"elementor-element elementor-element-d6bb45e e-flex e-con-boxed e-con e-parent\" data-id=\"d6bb45e\" data-element_type=\"container\" data-e-type=\"container\">\n\t\t\t\t\t<div class=\"e-con-inner\">\n\t\t\t\t<div class=\"elementor-element elementor-element-24d2976 elementor-widget elementor-widget-text-editor\" data-id=\"24d2976\" data-element_type=\"widget\" data-e-type=\"widget\" data-widget_type=\"text-editor.default\">\n\t\t\t\t\t\t\t\t\t<div id=\"post-1066\" class=\"post-1066 page type-page status-publish hentry\"><div class=\"entry-content clearfix\"><p>Jestem autork\u0105 ksi\u0105\u017cek przeznaczonych dla najm\u0142odszych i troch\u0119 starszych dzieci.<\/p><\/div><\/div>\t\t\t\t\t\t\t\t<\/div>\n\t\t\t\t\t<\/div>\n\t\t\t\t<\/div>\n\t\t<div class=\"elementor-element elementor-element-f1d4a63 e-flex e-con-boxed e-con e-parent\" data-id=\"f1d4a63\" data-element_type=\"container\" data-e-type=\"container\">\n\t\t\t\t\t<div class=\"e-con-inner\">\n\t\t\t\t<div class=\"elementor-element elementor-element-29f450b premium-blog-align-justify elementor-widget elementor-widget-premium-addon-blog\" data-id=\"29f450b\" data-element_type=\"widget\" data-e-type=\"widget\" data-settings=\"{&quot;premium_blog_columns_number&quot;:&quot;33.33%&quot;,&quot;force_height&quot;:&quot;true&quot;,&quot;premium_blog_infinite_scroll&quot;:&quot;yes&quot;,&quot;premium_blog_grid&quot;:&quot;yes&quot;,&quot;premium_blog_layout&quot;:&quot;even&quot;,&quot;premium_blog_columns_number_tablet&quot;:&quot;50%&quot;,&quot;premium_blog_columns_number_mobile&quot;:&quot;100%&quot;}\" data-widget_type=\"premium-addon-blog.default\">\n\t\t\t\t\t\n\t\t\n\n\t\t\t\t<div class=\"premium-blog-wrap  premium-blog-even\" data-page=\"51\">\n\t\t\t\t\t\t\t\t\t<div class=\"premium-blog-post-outer-container\" data-total=\"2\">\n\t\t\t<div class=\"premium-blog-post-container premium-blog-skin-classic\">\n\t\t\t\t\t\t\t\t\t<div class=\"premium-blog-thumb-effect-wrapper\">\n\t\t\t\t\t\t<div class=\"premium-blog-thumbnail-container premium-blog-zoomin-effect\">\n\t\t\t\t\t\t\t<img fetchpriority=\"high\" decoding=\"async\" width=\"640\" height=\"640\" src=\"https:\/\/ewamartynkien.com\/wp-content\/uploads\/2026\/04\/premiera-w-lutym.jpg\" class=\"attachment-large size-large wp-image-520\" alt=\"\" srcset=\"https:\/\/ewamartynkien.com\/wp-content\/uploads\/2026\/04\/premiera-w-lutym.jpg 640w, https:\/\/ewamartynkien.com\/wp-content\/uploads\/2026\/04\/premiera-w-lutym-300x300.jpg 300w, https:\/\/ewamartynkien.com\/wp-content\/uploads\/2026\/04\/premiera-w-lutym-150x150.jpg 150w\" sizes=\"(max-width: 640px) 100vw, 640px\" \/>\t\t\t\t\t\t<\/div>\n\t\t\t\t\t\t\t\t\t\t\t\t\t<div class=\"premium-blog-thumbnail-overlay\">\n\t\t\t\t\t\t\t\t<a class=\"elementor-icon\" href=\"https:\/\/ewamartynkien.com\/index.php\/2026\/04\/13\/chlopiec-i-gwiezdny-wilk\/\" target=\"_blank\"><\/a>\n\t\t\t\t\t\t\t<\/div>\n\n\t\t\t\t\t\t\t\t\t\t\t\t\t\t\t\t\t\t<\/div>\n\t\t\t\t\t\t\t\t\t\t\t\t<div class=\"premium-blog-content-wrapper \">\n\n\t\t\t\t\t<div class=\"premium-blog-inner-container\">\n\n\t\t\t\t\t\t\t\t\t\t\t\t\t\t<h2 class=\"premium-blog-entry-title\">\n\t\t\t<a href=\"https:\/\/ewamartynkien.com\/index.php\/2026\/04\/13\/chlopiec-i-gwiezdny-wilk\/\" target=\"_blank\">\n\t\t\t\tCh\u0142opiec i Gwiezdny Wilk\t\t\t<\/a>\n\t\t<\/h2>\n\t\t\t\t<div class=\"premium-blog-entry-meta\">\n\t\t\t\n\t\t\t\n\t\t\t\t\t\t\t<span class=\"premium-blog-meta-separator\">\u2022<\/span>\n\t\t\t\t<div class=\"premium-blog-post-categories premium-blog-meta-data\">\n\t\t\t\t\t<i class=\"fa fa-align-left fa-fw\" aria-hidden=\"true\"><\/i>\n\t\t\t\t\t<a href=\"https:\/\/ewamartynkien.com\/index.php\/category\/powiescdladzieci9u\/\" rel=\"category tag\">Powie\u015b\u0107 dla dzieci 9+<\/a>\t\t\t\t<\/div>\n\t\t\t\n\t\t\t\t\t<\/div>\n\t\t\n\t\t\t\t\t<\/div>\n\n\t\t\t\t\t\t\t<div class=\"premium-blog-content-inner-wrapper\">\n\t\t<p class=\"premium-blog-post-content\">\u00a0 \u201eCh\u0142opiec i Gwiezdny Wilk\u201d, powie\u015b\u0107 dla dzieci 9+, uka\u017ce si\u0119 w po\u0142owie lutego na ksi\u0119garskich p\u00f3\u0142kach. Historia dziesi\u0119cioletniego Antka znalaz\u0142a si\u0119 \u2026<\/p>\t\t<\/div>\n\t\t\t\t\t\t\t\n\t\t\t\t<\/div>\n\t\t\t<\/div>\n\t\t<\/div>\n\n\t\t\t\t<div class=\"premium-blog-post-outer-container\" data-total=\"2\">\n\t\t\t<div class=\"premium-blog-post-container premium-blog-skin-classic\">\n\t\t\t\t\t\t\t\t\t<div class=\"premium-blog-thumb-effect-wrapper\">\n\t\t\t\t\t\t<div class=\"premium-blog-thumbnail-container premium-blog-zoomin-effect\">\n\t\t\t\t\t\t\t<img decoding=\"async\" width=\"640\" height=\"640\" src=\"https:\/\/ewamartynkien.com\/wp-content\/uploads\/2026\/04\/Mopek-aktualnosci.jpg\" class=\"attachment-large size-large wp-image-514\" alt=\"\" srcset=\"https:\/\/ewamartynkien.com\/wp-content\/uploads\/2026\/04\/Mopek-aktualnosci.jpg 640w, https:\/\/ewamartynkien.com\/wp-content\/uploads\/2026\/04\/Mopek-aktualnosci-300x300.jpg 300w, https:\/\/ewamartynkien.com\/wp-content\/uploads\/2026\/04\/Mopek-aktualnosci-150x150.jpg 150w\" sizes=\"(max-width: 640px) 100vw, 640px\" \/>\t\t\t\t\t\t<\/div>\n\t\t\t\t\t\t\t\t\t\t\t\t\t<div class=\"premium-blog-thumbnail-overlay\">\n\t\t\t\t\t\t\t\t<a class=\"elementor-icon\" href=\"https:\/\/ewamartynkien.com\/index.php\/2026\/04\/13\/mopek-na-tropie-zamkowego-ducha\/\" target=\"_blank\"><\/a>\n\t\t\t\t\t\t\t<\/div>\n\n\t\t\t\t\t\t\t\t\t\t\t\t\t\t\t\t\t\t<\/div>\n\t\t\t\t\t\t\t\t\t\t\t\t<div class=\"premium-blog-content-wrapper \">\n\n\t\t\t\t\t<div class=\"premium-blog-inner-container\">\n\n\t\t\t\t\t\t\t\t\t\t\t\t\t\t<h2 class=\"premium-blog-entry-title\">\n\t\t\t<a href=\"https:\/\/ewamartynkien.com\/index.php\/2026\/04\/13\/mopek-na-tropie-zamkowego-ducha\/\" target=\"_blank\">\n\t\t\t\tMopek na tropie zamkowego ducha\t\t\t<\/a>\n\t\t<\/h2>\n\t\t\t\t<div class=\"premium-blog-entry-meta\">\n\t\t\t\n\t\t\t\n\t\t\t\t\t\t\t<span class=\"premium-blog-meta-separator\">\u2022<\/span>\n\t\t\t\t<div class=\"premium-blog-post-categories premium-blog-meta-data\">\n\t\t\t\t\t<i class=\"fa fa-align-left fa-fw\" aria-hidden=\"true\"><\/i>\n\t\t\t\t\t<a href=\"https:\/\/ewamartynkien.com\/index.php\/category\/powiescprzygdladzieci6u\/\" rel=\"category tag\">Powie\u015b\u0107 przygodowa dla dzieci 6+<\/a>\t\t\t\t<\/div>\n\t\t\t\n\t\t\t\t\t<\/div>\n\t\t\n\t\t\t\t\t<\/div>\n\n\t\t\t\t\t\t\t<div class=\"premium-blog-content-inner-wrapper\">\n\t\t<p class=\"premium-blog-post-content\">\u00a0 Nietoperz Mopek mieszka w Dolinie \u017balu nad Jeziorem \u0141ez. Jego najwi\u0119ksz\u0105 pasj\u0105 s\u0105 stare zamczyska i tropienie duch\u00f3w. Pewnej nocy Puchacz \u2026<\/p>\t\t<\/div>\n\t\t\t\t\t\t\t\n\t\t\t\t<\/div>\n\t\t\t<\/div>\n\t\t<\/div>\n\n\t\t\t\t<div class=\"premium-blog-post-outer-container\" data-total=\"2\">\n\t\t\t<div class=\"premium-blog-post-container premium-blog-skin-classic\">\n\t\t\t\t\t\t\t\t\t<div class=\"premium-blog-thumb-effect-wrapper\">\n\t\t\t\t\t\t<div class=\"premium-blog-thumbnail-container premium-blog-zoomin-effect\">\n\t\t\t\t\t\t\t<img decoding=\"async\" width=\"380\" height=\"538\" src=\"https:\/\/ewamartynkien.com\/wp-content\/uploads\/2026\/04\/Jak-zdobyc-supermoce_okladka.png\" class=\"attachment-large size-large wp-image-502\" alt=\"\" srcset=\"https:\/\/ewamartynkien.com\/wp-content\/uploads\/2026\/04\/Jak-zdobyc-supermoce_okladka.png 380w, https:\/\/ewamartynkien.com\/wp-content\/uploads\/2026\/04\/Jak-zdobyc-supermoce_okladka-212x300.png 212w\" sizes=\"(max-width: 380px) 100vw, 380px\" \/>\t\t\t\t\t\t<\/div>\n\t\t\t\t\t\t\t\t\t\t\t\t\t<div class=\"premium-blog-thumbnail-overlay\">\n\t\t\t\t\t\t\t\t<a class=\"elementor-icon\" href=\"https:\/\/ewamartynkien.com\/index.php\/2026\/04\/13\/jak-zdobyc-supermoce\/\" target=\"_blank\"><\/a>\n\t\t\t\t\t\t\t<\/div>\n\n\t\t\t\t\t\t\t\t\t\t\t\t\t\t\t\t\t\t<\/div>\n\t\t\t\t\t\t\t\t\t\t\t\t<div class=\"premium-blog-content-wrapper \">\n\n\t\t\t\t\t<div class=\"premium-blog-inner-container\">\n\n\t\t\t\t\t\t\t\t\t\t\t\t\t\t<h2 class=\"premium-blog-entry-title\">\n\t\t\t<a href=\"https:\/\/ewamartynkien.com\/index.php\/2026\/04\/13\/jak-zdobyc-supermoce\/\" target=\"_blank\">\n\t\t\t\tJak zdoby\u0107 supermoce\t\t\t<\/a>\n\t\t<\/h2>\n\t\t\t\t<div class=\"premium-blog-entry-meta\">\n\t\t\t\n\t\t\t\n\t\t\t\t\t\t\t<span class=\"premium-blog-meta-separator\">\u2022<\/span>\n\t\t\t\t<div class=\"premium-blog-post-categories premium-blog-meta-data\">\n\t\t\t\t\t<i class=\"fa fa-align-left fa-fw\" aria-hidden=\"true\"><\/i>\n\t\t\t\t\t<a href=\"https:\/\/ewamartynkien.com\/index.php\/category\/powiescdladzieci9u\/\" rel=\"category tag\">Powie\u015b\u0107 dla dzieci 9+<\/a>\t\t\t\t<\/div>\n\t\t\t\n\t\t\t\t\t<\/div>\n\t\t\n\t\t\t\t\t<\/div>\n\n\t\t\t\t\t\t\t<div class=\"premium-blog-content-inner-wrapper\">\n\t\t<p class=\"premium-blog-post-content\">\u00a0 Iga sko\u0144czy nied\u0142ugo jedena\u015bcie lat. Z tej okazji tata chce zabra\u0107 j\u0105 na kasting ulubionego serialu. Dla dziewczynki ma to ogromne \u2026<\/p>\t\t<\/div>\n\t\t\t\t\t\t\t\n\t\t\t\t<\/div>\n\t\t\t<\/div>\n\t\t<\/div>\n\n\t\t\t\t<div class=\"premium-blog-post-outer-container\" data-total=\"2\">\n\t\t\t<div class=\"premium-blog-post-container premium-blog-skin-classic\">\n\t\t\t\t\t\t\t\t\t<div class=\"premium-blog-thumb-effect-wrapper\">\n\t\t\t\t\t\t<div class=\"premium-blog-thumbnail-container premium-blog-zoomin-effect\">\n\t\t\t\t\t\t\t<img loading=\"lazy\" decoding=\"async\" width=\"600\" height=\"853\" src=\"https:\/\/ewamartynkien.com\/wp-content\/uploads\/2026\/04\/Moj-kumpel-Jeremi_okladka.png\" class=\"attachment-large size-large wp-image-496\" alt=\"\" srcset=\"https:\/\/ewamartynkien.com\/wp-content\/uploads\/2026\/04\/Moj-kumpel-Jeremi_okladka.png 600w, https:\/\/ewamartynkien.com\/wp-content\/uploads\/2026\/04\/Moj-kumpel-Jeremi_okladka-211x300.png 211w\" sizes=\"(max-width: 600px) 100vw, 600px\" \/>\t\t\t\t\t\t<\/div>\n\t\t\t\t\t\t\t\t\t\t\t\t\t<div class=\"premium-blog-thumbnail-overlay\">\n\t\t\t\t\t\t\t\t<a class=\"elementor-icon\" href=\"https:\/\/ewamartynkien.com\/index.php\/2026\/04\/13\/moj-kumpel-jeremi\/\" target=\"_blank\"><\/a>\n\t\t\t\t\t\t\t<\/div>\n\n\t\t\t\t\t\t\t\t\t\t\t\t\t\t\t\t\t\t<\/div>\n\t\t\t\t\t\t\t\t\t\t\t\t<div class=\"premium-blog-content-wrapper \">\n\n\t\t\t\t\t<div class=\"premium-blog-inner-container\">\n\n\t\t\t\t\t\t\t\t\t\t\t\t\t\t<h2 class=\"premium-blog-entry-title\">\n\t\t\t<a href=\"https:\/\/ewamartynkien.com\/index.php\/2026\/04\/13\/moj-kumpel-jeremi\/\" target=\"_blank\">\n\t\t\t\tM\u00f3j kumpel Jeremi\t\t\t<\/a>\n\t\t<\/h2>\n\t\t\t\t<div class=\"premium-blog-entry-meta\">\n\t\t\t\n\t\t\t\n\t\t\t\t\t\t\t<span class=\"premium-blog-meta-separator\">\u2022<\/span>\n\t\t\t\t<div class=\"premium-blog-post-categories premium-blog-meta-data\">\n\t\t\t\t\t<i class=\"fa fa-align-left fa-fw\" aria-hidden=\"true\"><\/i>\n\t\t\t\t\t<a href=\"https:\/\/ewamartynkien.com\/index.php\/category\/powiescdladzieci8u\/\" rel=\"category tag\">Powie\u015b\u0107 dla dzieci 8+<\/a>\t\t\t\t<\/div>\n\t\t\t\n\t\t\t\t\t<\/div>\n\t\t\n\t\t\t\t\t<\/div>\n\n\t\t\t\t\t\t\t<div class=\"premium-blog-content-inner-wrapper\">\n\t\t<p class=\"premium-blog-post-content\">\u00a0 Oskar i Jeremi to dwaj najlepsi przyjaciele. Sp\u0119dzaj\u0105 razem du\u017co czasu. Kiedy\u015b uratowali psa \u2013 Sab\u0119, kt\u00f3ra zamieszka\u0142a z Jeremim.Maj\u0105 te\u017c \u2026<\/p>\t\t<\/div>\n\t\t\t\t\t\t\t\n\t\t\t\t<\/div>\n\t\t\t<\/div>\n\t\t<\/div>\n\n\t\t\t\t<div class=\"premium-blog-post-outer-container\" data-total=\"2\">\n\t\t\t<div class=\"premium-blog-post-container premium-blog-skin-classic\">\n\t\t\t\t\t\t\t\t\t<div class=\"premium-blog-thumb-effect-wrapper\">\n\t\t\t\t\t\t<div class=\"premium-blog-thumbnail-container premium-blog-zoomin-effect\">\n\t\t\t\t\t\t\t<img loading=\"lazy\" decoding=\"async\" width=\"589\" height=\"769\" src=\"https:\/\/ewamartynkien.com\/wp-content\/uploads\/2026\/04\/Jozia-e1561629676464.jpg\" class=\"attachment-large size-large wp-image-486\" alt=\"\" srcset=\"https:\/\/ewamartynkien.com\/wp-content\/uploads\/2026\/04\/Jozia-e1561629676464.jpg 589w, https:\/\/ewamartynkien.com\/wp-content\/uploads\/2026\/04\/Jozia-e1561629676464-230x300.jpg 230w\" sizes=\"(max-width: 589px) 100vw, 589px\" \/>\t\t\t\t\t\t<\/div>\n\t\t\t\t\t\t\t\t\t\t\t\t\t<div class=\"premium-blog-thumbnail-overlay\">\n\t\t\t\t\t\t\t\t<a class=\"elementor-icon\" href=\"https:\/\/ewamartynkien.com\/index.php\/2026\/04\/13\/jozia-klopotek-i-otchlan-klesk\/\" target=\"_blank\"><\/a>\n\t\t\t\t\t\t\t<\/div>\n\n\t\t\t\t\t\t\t\t\t\t\t\t\t\t\t\t\t\t<\/div>\n\t\t\t\t\t\t\t\t\t\t\t\t<div class=\"premium-blog-content-wrapper \">\n\n\t\t\t\t\t<div class=\"premium-blog-inner-container\">\n\n\t\t\t\t\t\t\t\t\t\t\t\t\t\t<h2 class=\"premium-blog-entry-title\">\n\t\t\t<a href=\"https:\/\/ewamartynkien.com\/index.php\/2026\/04\/13\/jozia-klopotek-i-otchlan-klesk\/\" target=\"_blank\">\n\t\t\t\tJ\u00f3zia K\u0142opotek i otch\u0142a\u0144 kl\u0119sk\t\t\t<\/a>\n\t\t<\/h2>\n\t\t\t\t<div class=\"premium-blog-entry-meta\">\n\t\t\t\n\t\t\t\n\t\t\t\t\t\t\t<span class=\"premium-blog-meta-separator\">\u2022<\/span>\n\t\t\t\t<div class=\"premium-blog-post-categories premium-blog-meta-data\">\n\t\t\t\t\t<i class=\"fa fa-align-left fa-fw\" aria-hidden=\"true\"><\/i>\n\t\t\t\t\t<a href=\"https:\/\/ewamartynkien.com\/index.php\/category\/powiescdladzieci7u\/\" rel=\"category tag\">Powie\u015b\u0107 dla dzieci 7+<\/a>\t\t\t\t<\/div>\n\t\t\t\n\t\t\t\t\t<\/div>\n\t\t\n\t\t\t\t\t<\/div>\n\n\t\t\t\t\t\t\t<div class=\"premium-blog-content-inner-wrapper\">\n\t\t<p class=\"premium-blog-post-content\">\u00a0 J\u00f3zi\u0119 i Tosi\u0119 cho\u0107 s\u0105 kompletnie r\u00f3\u017cne \u0142\u0105czy wielka przyja\u017a\u0144. Od zawsze razem, wspieraj\u0105 si\u0119 jak mog\u0105. W najtrudniejszych, arcyskomplikowanych sytuacjach \u2026<\/p>\t\t<\/div>\n\t\t\t\t\t\t\t\n\t\t\t\t<\/div>\n\t\t\t<\/div>\n\t\t<\/div>\n\n\t\t\t\t<div class=\"premium-blog-post-outer-container\" data-total=\"2\">\n\t\t\t<div class=\"premium-blog-post-container premium-blog-skin-classic\">\n\t\t\t\t\t\t\t\t\t<div class=\"premium-blog-thumb-effect-wrapper\">\n\t\t\t\t\t\t<div class=\"premium-blog-thumbnail-container premium-blog-zoomin-effect\">\n\t\t\t\t\t\t\t<img loading=\"lazy\" decoding=\"async\" width=\"802\" height=\"1024\" src=\"https:\/\/ewamartynkien.com\/wp-content\/uploads\/2026\/04\/Melka-802x1024.jpg\" class=\"attachment-large size-large wp-image-480\" alt=\"\" srcset=\"https:\/\/ewamartynkien.com\/wp-content\/uploads\/2026\/04\/Melka-802x1024.jpg 802w, https:\/\/ewamartynkien.com\/wp-content\/uploads\/2026\/04\/Melka-235x300.jpg 235w, https:\/\/ewamartynkien.com\/wp-content\/uploads\/2026\/04\/Melka-768x980.jpg 768w, https:\/\/ewamartynkien.com\/wp-content\/uploads\/2026\/04\/Melka-1204x1536.jpg 1204w, https:\/\/ewamartynkien.com\/wp-content\/uploads\/2026\/04\/Melka-1605x2048.jpg 1605w, https:\/\/ewamartynkien.com\/wp-content\/uploads\/2026\/04\/Melka-scaled.jpg 2006w\" sizes=\"(max-width: 802px) 100vw, 802px\" \/>\t\t\t\t\t\t<\/div>\n\t\t\t\t\t\t\t\t\t\t\t\t\t<div class=\"premium-blog-thumbnail-overlay\">\n\t\t\t\t\t\t\t\t<a class=\"elementor-icon\" href=\"https:\/\/ewamartynkien.com\/index.php\/2026\/04\/13\/detektyw-melania-kura\/\" target=\"_blank\"><\/a>\n\t\t\t\t\t\t\t<\/div>\n\n\t\t\t\t\t\t\t\t\t\t\t\t\t\t\t\t\t\t<\/div>\n\t\t\t\t\t\t\t\t\t\t\t\t<div class=\"premium-blog-content-wrapper \">\n\n\t\t\t\t\t<div class=\"premium-blog-inner-container\">\n\n\t\t\t\t\t\t\t\t\t\t\t\t\t\t<h2 class=\"premium-blog-entry-title\">\n\t\t\t<a href=\"https:\/\/ewamartynkien.com\/index.php\/2026\/04\/13\/detektyw-melania-kura\/\" target=\"_blank\">\n\t\t\t\tDetektyw Melania Kura\t\t\t<\/a>\n\t\t<\/h2>\n\t\t\t\t<div class=\"premium-blog-entry-meta\">\n\t\t\t\n\t\t\t\n\t\t\t\t\t\t\t<span class=\"premium-blog-meta-separator\">\u2022<\/span>\n\t\t\t\t<div class=\"premium-blog-post-categories premium-blog-meta-data\">\n\t\t\t\t\t<i class=\"fa fa-align-left fa-fw\" aria-hidden=\"true\"><\/i>\n\t\t\t\t\t<a href=\"https:\/\/ewamartynkien.com\/index.php\/category\/ksiazkadladzieci4u\/\" rel=\"category tag\">Ksi\u0105\u017cka dla dzieci 4+<\/a>\t\t\t\t<\/div>\n\t\t\t\n\t\t\t\t\t<\/div>\n\t\t\n\t\t\t\t\t<\/div>\n\n\t\t\t\t\t\t\t<div class=\"premium-blog-content-inner-wrapper\">\n\t\t<p class=\"premium-blog-post-content\">\u00a0 Kura Melania\u00a0mieszka we wsi Koniec \u015awiata w gospodarstwie Jakuba, kt\u00f3ry jest nie tylko dobrym gospodarzem, lecz tak\u017ce najlepszym przyjacielem Melanii.Co wyr\u00f3\u017cnia \u2026<\/p>\t\t<\/div>\n\t\t\t\t\t\t\t\n\t\t\t\t<\/div>\n\t\t\t<\/div>\n\t\t<\/div>\n\n\t\t\t\t<div class=\"premium-blog-post-outer-container\" data-total=\"2\">\n\t\t\t<div class=\"premium-blog-post-container premium-blog-skin-classic\">\n\t\t\t\t\t\t\t\t\t<div class=\"premium-blog-thumb-effect-wrapper\">\n\t\t\t\t\t\t<div class=\"premium-blog-thumbnail-container premium-blog-zoomin-effect\">\n\t\t\t\t\t\t\t<img loading=\"lazy\" decoding=\"async\" width=\"598\" height=\"754\" src=\"https:\/\/ewamartynkien.com\/wp-content\/uploads\/2026\/04\/Jadwiga-Przygoda2_front-small.jpg\" class=\"attachment-large size-large wp-image-474\" alt=\"\" srcset=\"https:\/\/ewamartynkien.com\/wp-content\/uploads\/2026\/04\/Jadwiga-Przygoda2_front-small.jpg 598w, https:\/\/ewamartynkien.com\/wp-content\/uploads\/2026\/04\/Jadwiga-Przygoda2_front-small-238x300.jpg 238w\" sizes=\"(max-width: 598px) 100vw, 598px\" \/>\t\t\t\t\t\t<\/div>\n\t\t\t\t\t\t\t\t\t\t\t\t\t<div class=\"premium-blog-thumbnail-overlay\">\n\t\t\t\t\t\t\t\t<a class=\"elementor-icon\" href=\"https:\/\/ewamartynkien.com\/index.php\/2026\/04\/13\/jadwiga-przygoda-i-franciszek-wszedobylski-odkrywaja-stolice-europy\/\" target=\"_blank\"><\/a>\n\t\t\t\t\t\t\t<\/div>\n\n\t\t\t\t\t\t\t\t\t\t\t\t\t\t\t\t\t\t<\/div>\n\t\t\t\t\t\t\t\t\t\t\t\t<div class=\"premium-blog-content-wrapper \">\n\n\t\t\t\t\t<div class=\"premium-blog-inner-container\">\n\n\t\t\t\t\t\t\t\t\t\t\t\t\t\t<h2 class=\"premium-blog-entry-title\">\n\t\t\t<a href=\"https:\/\/ewamartynkien.com\/index.php\/2026\/04\/13\/jadwiga-przygoda-i-franciszek-wszedobylski-odkrywaja-stolice-europy\/\" target=\"_blank\">\n\t\t\t\tJadwiga Przygoda i Franciszek Wsz\u0119dobylski odkrywaj\u0105 stolice Europy\t\t\t<\/a>\n\t\t<\/h2>\n\t\t\t\t<div class=\"premium-blog-entry-meta\">\n\t\t\t\n\t\t\t\n\t\t\t\t\t\t\t<span class=\"premium-blog-meta-separator\">\u2022<\/span>\n\t\t\t\t<div class=\"premium-blog-post-categories premium-blog-meta-data\">\n\t\t\t\t\t<i class=\"fa fa-align-left fa-fw\" aria-hidden=\"true\"><\/i>\n\t\t\t\t\t<a href=\"https:\/\/ewamartynkien.com\/index.php\/category\/opowiadaniadladzieci4u\/\" rel=\"category tag\">Opowiadania dla dzieci 4+<\/a>\t\t\t\t<\/div>\n\t\t\t\n\t\t\t\t\t<\/div>\n\t\t\n\t\t\t\t\t<\/div>\n\n\t\t\t\t\t\t\t<div class=\"premium-blog-content-inner-wrapper\">\n\t\t<p class=\"premium-blog-post-content\">\u00a0 Tym razem zesp\u00f3\u0142 redakcyjny czasopisma \u201eBazgro\u0142ki z podr\u00f3\u017cy\u201d wybiera si\u0119 za granic\u0119. Siedmioletnia redaktor naczelna Pola, dziennikarka Jadwiga Przygoda oraz s\u0142ynny \u2026<\/p>\t\t<\/div>\n\t\t\t\t\t\t\t\n\t\t\t\t<\/div>\n\t\t\t<\/div>\n\t\t<\/div>\n\n\t\t\t\t<div class=\"premium-blog-post-outer-container\" data-total=\"2\">\n\t\t\t<div class=\"premium-blog-post-container premium-blog-skin-classic\">\n\t\t\t\t\t\t\t\t\t<div class=\"premium-blog-thumb-effect-wrapper\">\n\t\t\t\t\t\t<div class=\"premium-blog-thumbnail-container premium-blog-zoomin-effect\">\n\t\t\t\t\t\t\t<img loading=\"lazy\" decoding=\"async\" width=\"768\" height=\"1024\" src=\"https:\/\/ewamartynkien.com\/wp-content\/uploads\/2026\/04\/jadwiga_book-768x1024.jpg\" class=\"attachment-large size-large wp-image-468\" alt=\"\" srcset=\"https:\/\/ewamartynkien.com\/wp-content\/uploads\/2026\/04\/jadwiga_book-768x1024.jpg 768w, https:\/\/ewamartynkien.com\/wp-content\/uploads\/2026\/04\/jadwiga_book-225x300.jpg 225w, https:\/\/ewamartynkien.com\/wp-content\/uploads\/2026\/04\/jadwiga_book-1152x1536.jpg 1152w, https:\/\/ewamartynkien.com\/wp-content\/uploads\/2026\/04\/jadwiga_book-1536x2048.jpg 1536w, https:\/\/ewamartynkien.com\/wp-content\/uploads\/2026\/04\/jadwiga_book-scaled.jpg 1920w\" sizes=\"(max-width: 768px) 100vw, 768px\" \/>\t\t\t\t\t\t<\/div>\n\t\t\t\t\t\t\t\t\t\t\t\t\t<div class=\"premium-blog-thumbnail-overlay\">\n\t\t\t\t\t\t\t\t<a class=\"elementor-icon\" href=\"https:\/\/ewamartynkien.com\/index.php\/2026\/04\/13\/jadwiga-przygoda-i-franciszek-wszedobylski-odkrywaja-polske\/\" target=\"_blank\"><\/a>\n\t\t\t\t\t\t\t<\/div>\n\n\t\t\t\t\t\t\t\t\t\t\t\t\t\t\t\t\t\t<\/div>\n\t\t\t\t\t\t\t\t\t\t\t\t<div class=\"premium-blog-content-wrapper \">\n\n\t\t\t\t\t<div class=\"premium-blog-inner-container\">\n\n\t\t\t\t\t\t\t\t\t\t\t\t\t\t<h2 class=\"premium-blog-entry-title\">\n\t\t\t<a href=\"https:\/\/ewamartynkien.com\/index.php\/2026\/04\/13\/jadwiga-przygoda-i-franciszek-wszedobylski-odkrywaja-polske\/\" target=\"_blank\">\n\t\t\t\tJadwiga Przygoda i Franciszek Wsz\u0119dobylski odkrywaj\u0105 Polsk\u0119\t\t\t<\/a>\n\t\t<\/h2>\n\t\t\t\t<div class=\"premium-blog-entry-meta\">\n\t\t\t\n\t\t\t\n\t\t\t\t\t\t\t<span class=\"premium-blog-meta-separator\">\u2022<\/span>\n\t\t\t\t<div class=\"premium-blog-post-categories premium-blog-meta-data\">\n\t\t\t\t\t<i class=\"fa fa-align-left fa-fw\" aria-hidden=\"true\"><\/i>\n\t\t\t\t\t<a href=\"https:\/\/ewamartynkien.com\/index.php\/category\/opowiadaniadladzieci4u\/\" rel=\"category tag\">Opowiadania dla dzieci 4+<\/a>\t\t\t\t<\/div>\n\t\t\t\n\t\t\t\t\t<\/div>\n\t\t\n\t\t\t\t\t<\/div>\n\n\t\t\t\t\t\t\t<div class=\"premium-blog-content-inner-wrapper\">\n\t\t<p class=\"premium-blog-post-content\">\u00a0 Redakcja czasopisma \u201eBazgro\u0142ki z podr\u00f3\u017cy\u201d znajduje si\u0119 w starej wilii pod Otwockiem. Budynkowi z pewno\u015bci\u0105 przyda\u0142by si\u0119 remont. Na parterze mieszka \u2026<\/p>\t\t<\/div>\n\t\t\t\t\t\t\t\n\t\t\t\t<\/div>\n\t\t\t<\/div>\n\t\t<\/div>\n\n\t\t\t\t<div class=\"premium-blog-post-outer-container\" data-total=\"2\">\n\t\t\t<div class=\"premium-blog-post-container premium-blog-skin-classic\">\n\t\t\t\t\t\t\t\t\t<div class=\"premium-blog-thumb-effect-wrapper\">\n\t\t\t\t\t\t<div class=\"premium-blog-thumbnail-container premium-blog-zoomin-effect\">\n\t\t\t\t\t\t\t<img loading=\"lazy\" decoding=\"async\" width=\"783\" height=\"1024\" src=\"https:\/\/ewamartynkien.com\/wp-content\/uploads\/2026\/04\/Myszki-3-783x1024.jpg\" class=\"attachment-large size-large wp-image-458\" alt=\"\" srcset=\"https:\/\/ewamartynkien.com\/wp-content\/uploads\/2026\/04\/Myszki-3-783x1024.jpg 783w, https:\/\/ewamartynkien.com\/wp-content\/uploads\/2026\/04\/Myszki-3-230x300.jpg 230w, https:\/\/ewamartynkien.com\/wp-content\/uploads\/2026\/04\/Myszki-3-768x1004.jpg 768w, https:\/\/ewamartynkien.com\/wp-content\/uploads\/2026\/04\/Myszki-3-1175x1536.jpg 1175w, https:\/\/ewamartynkien.com\/wp-content\/uploads\/2026\/04\/Myszki-3-1567x2048.jpg 1567w, https:\/\/ewamartynkien.com\/wp-content\/uploads\/2026\/04\/Myszki-3-scaled.jpg 1958w\" sizes=\"(max-width: 783px) 100vw, 783px\" \/>\t\t\t\t\t\t<\/div>\n\t\t\t\t\t\t\t\t\t\t\t\t\t<div class=\"premium-blog-thumbnail-overlay\">\n\t\t\t\t\t\t\t\t<a class=\"elementor-icon\" href=\"https:\/\/ewamartynkien.com\/index.php\/2026\/04\/13\/detektyw-lodyga-na-tropie-zagadek-fizycznych\/\" target=\"_blank\"><\/a>\n\t\t\t\t\t\t\t<\/div>\n\n\t\t\t\t\t\t\t\t\t\t\t\t\t\t\t\t\t\t<\/div>\n\t\t\t\t\t\t\t\t\t\t\t\t<div class=\"premium-blog-content-wrapper \">\n\n\t\t\t\t\t<div class=\"premium-blog-inner-container\">\n\n\t\t\t\t\t\t\t\t\t\t\t\t\t\t<h2 class=\"premium-blog-entry-title\">\n\t\t\t<a href=\"https:\/\/ewamartynkien.com\/index.php\/2026\/04\/13\/detektyw-lodyga-na-tropie-zagadek-fizycznych\/\" target=\"_blank\">\n\t\t\t\tDetektyw \u0141odyga na tropie zagadek fizycznych\t\t\t<\/a>\n\t\t<\/h2>\n\t\t\t\t<div class=\"premium-blog-entry-meta\">\n\t\t\t\n\t\t\t\n\t\t\t\t\t\t\t<span class=\"premium-blog-meta-separator\">\u2022<\/span>\n\t\t\t\t<div class=\"premium-blog-post-categories premium-blog-meta-data\">\n\t\t\t\t\t<i class=\"fa fa-align-left fa-fw\" aria-hidden=\"true\"><\/i>\n\t\t\t\t\t<a href=\"https:\/\/ewamartynkien.com\/index.php\/category\/ksiazkadladzieci5u\/\" rel=\"category tag\">Ksi\u0105\u017cka dla dzieci 5+<\/a>\t\t\t\t<\/div>\n\t\t\t\n\t\t\t\t\t<\/div>\n\t\t\n\t\t\t\t\t<\/div>\n\n\t\t\t\t\t\t\t<div class=\"premium-blog-content-inner-wrapper\">\n\t\t<p class=\"premium-blog-post-content\">\u00a0 Detektyw Eugeniusz\u00a0 \u0141odyga rozwi\u0105zuje tym razem arcyciekawe zagadki z dziedziny fizyki. Co to jest elektryczno\u015b\u0107? Jak dzia\u0142a magnes? Jak skonstruowa\u0107 kompas? \u2026<\/p>\t\t<\/div>\n\t\t\t\t\t\t\t\n\t\t\t\t<\/div>\n\t\t\t<\/div>\n\t\t<\/div>\n\n\t\t\t\t\t\t\t<\/div>\n\n\t\t\n\t\t\n\t\t\t\t\t\t<\/div>\n\t\t\t\t\t<\/div>\n\t\t\t\t<\/div>\n\t\t\t\t<\/div>\n\t\t","protected":false},"excerpt":{"rendered":"<p>Jestem autork\u0105 ksi\u0105\u017cek przeznaczonych dla najm\u0142odszych i troch\u0119 starszych dzieci. Ch\u0142opiec i Gwiezdny Wilk \u2022 Powie\u015b\u0107 dla dzieci 9+ Ch\u0142opiec i Gwiezdny Wilk \u201eCh\u0142opiec i Gwiezdny Wilk\u201d, powie\u015b\u0107 dla dzieci 9+, uka\u017ce si\u0119 w po\u0142owie lutego na ksi\u0119garskich p\u00f3\u0142kach. Historia dziesi\u0119cioletniego \u2026 Mopek na tropie zamkowego ducha \u2022 Powie\u015b\u0107 przygodowa dla dzieci 6+ Mopek na &hellip;<\/p>\n","protected":false},"author":1,"featured_media":0,"parent":0,"menu_order":0,"comment_status":"closed","ping_status":"closed","template":"","meta":{"footnotes":""},"class_list":["post-51","page","type-page","status-publish","hentry"],"_links":{"self":[{"href":"https:\/\/ewamartynkien.com\/index.php\/wp-json\/wp\/v2\/pages\/51","targetHints":{"allow":["GET"]}}],"collection":[{"href":"https:\/\/ewamartynkien.com\/index.php\/wp-json\/wp\/v2\/pages"}],"about":[{"href":"https:\/\/ewamartynkien.com\/index.php\/wp-json\/wp\/v2\/types\/page"}],"author":[{"embeddable":true,"href":"https:\/\/ewamartynkien.com\/index.php\/wp-json\/wp\/v2\/users\/1"}],"replies":[{"embeddable":true,"href":"https:\/\/ewamartynkien.com\/index.php\/wp-json\/wp\/v2\/comments?post=51"}],"version-history":[{"count":19,"href":"https:\/\/ewamartynkien.com\/index.php\/wp-json\/wp\/v2\/pages\/51\/revisions"}],"predecessor-version":[{"id":533,"href":"https:\/\/ewamartynkien.com\/index.php\/wp-json\/wp\/v2\/pages\/51\/revisions\/533"}],"wp:attachment":[{"href":"https:\/\/ewamartynkien.com\/index.php\/wp-json\/wp\/v2\/media?parent=51"}],"curies":[{"name":"wp","href":"https:\/\/api.w.org\/{rel}","templated":true}]}}