{"id":58,"date":"2026-03-25T10:42:37","date_gmt":"2026-03-25T10:42:37","guid":{"rendered":"https:\/\/serwer431481.lh.pl\/autoinstalator\/serwer431481.lh.pl\/wordpress156182\/?page_id=58"},"modified":"2026-03-28T11:45:22","modified_gmt":"2026-03-28T11:45:22","slug":"o-mnie","status":"publish","type":"page","link":"https:\/\/ewamartynkien.com\/index.php\/o-mnie\/","title":{"rendered":"O mnie"},"content":{"rendered":"\t\t<div data-elementor-type=\"wp-page\" data-elementor-id=\"58\" class=\"elementor elementor-58\">\n\t\t\t\t<div class=\"elementor-element elementor-element-4d868d6 e-flex e-con-boxed e-con e-parent\" data-id=\"4d868d6\" data-element_type=\"container\" data-e-type=\"container\">\n\t\t\t\t\t<div class=\"e-con-inner\">\n\t\t\t\t<div class=\"elementor-element elementor-element-c008518 elementor-widget elementor-widget-text-editor\" data-id=\"c008518\" data-element_type=\"widget\" data-e-type=\"widget\" data-widget_type=\"text-editor.default\">\n\t\t\t\t\t\t\t\t\t<p><strong>Jestem scenarzystk\u0105 i pisark\u0105. Pisanie dla dzieci jest moj\u0105 pasj\u0105 i wielk\u0105 przygod\u0105.<\/strong><\/p><p class=\"Czgwna\">Uko\u0144czy\u0142am Wydzia\u0142 Neofilologii na Uniwersytecie Warszawskim oraz Akademi\u0119 Filmu i Telewizji w Warszawie. Jestem pedagogiem i scenarzystk\u0105. Zajmuj\u0119 si\u0119 tw\u00f3rczo\u015bci\u0105 dla dzieci.<\/p><p>Od lat wsp\u00f3\u0142pracuj\u0119 z kana\u0142em telewizyjnym\u00a0<strong>MiniMini + i TeleTOON+<\/strong>. Jestem autork\u0105 scenariuszy do serii o\u00a0<em><strong>Detektywie \u0141odydze<\/strong><\/em>,\u00a0<em><strong>Myszce w Paski<\/strong><\/em>, czy\u00a0<em><strong>Hani i Grymasku<\/strong><\/em>. Pisz\u0119 tak\u017ce ksi\u0105\u017cki dla dzieci:\u00a0<strong><em>Detektyw Melania Kura<\/em><\/strong>,\u00a0<strong><em>J\u00f3zia K\u0142opotek i otch\u0142a\u0144 kl\u0119sk<\/em><\/strong>. W 2020 nagrodozna w konursie im. Astrid Lindgren powie\u015b\u0107\u00a0<strong><em>M\u00f3j kumpel Jeremi<\/em><\/strong>\u00a0znalaz\u0142a si\u0119 na Z\u0142otej Li\u015bcie Fundacji Ca\u0142a Polska Czyta Dzieciom. W roku 2022 otrzyma\u0142am drug\u0105 nagrod\u0119 w konkursie im. Krzysztofa Gradowskiego organizowanym przez Fundacj\u0119 Cinemania oraz ZaiKS za scenariusz krotkometra\u017c\u00f3wego filmu dla dzieci\u00a0<strong><em>Yana i Miszka<\/em><\/strong>.<\/p><p>W mojej tw\u00f3rczo\u015bci poruszam si\u0119 w obszarze zagadnie\u0144 wsp\u00f3\u0142czesnych, szukaj\u0105c w nich temat\u00f3w uniwersalnych. Interesuj\u0105 mnie tak\u017ce emocje, jakie wywo\u0142uj\u0105 trudne wydarzenia, nieobce w dzieci\u0144stwie nam wszystkim. Poprzez pisarstwo staram si\u0119 znale\u017a\u0107 odpowied\u017a na pytanie, czy mimo trudnych do\u015bwiadcze\u0144, mo\u017cna ocali\u0107 dzieci\u0144stwo.<\/p>\t\t\t\t\t\t\t\t<\/div>\n\t\t\t\t\t<\/div>\n\t\t\t\t<\/div>\n\t\t<div class=\"elementor-element elementor-element-c8aba0e e-grid e-con-boxed e-con e-parent\" data-id=\"c8aba0e\" data-element_type=\"container\" data-e-type=\"container\">\n\t\t\t\t\t<div class=\"e-con-inner\">\n\t\t<div class=\"elementor-element elementor-element-0a6c2d7 e-grid e-con-full e-con e-child\" data-id=\"0a6c2d7\" data-element_type=\"container\" data-e-type=\"container\">\n\t\t\t\t<div class=\"elementor-element elementor-element-18947e4 elementor-widget elementor-widget-text-editor\" data-id=\"18947e4\" data-element_type=\"widget\" data-e-type=\"widget\" data-widget_type=\"text-editor.default\">\n\t\t\t\t\t\t\t\t\t<h3 class=\"Czgwna\">Kontakt<\/h3><p>\u00a0 \u00a0 \u00a0 \u00a0<a title=\"Ewa Martynkien\" href=\"mailto:ewa.martynkien@gmail.com\"><u>ewa.martynkien@gmail.com<\/u><\/a><\/p><p>\u00a0<\/p><p>\u00a0 \u00a0 \u00a0 \u00a0telefon: +48 606426527<\/p><p>\u00a0<\/p><p>\u00a0 \u00a0 \u00a0 \u00a0facebook: <a title=\"https:\/\/www.facebook.com\/ewa.martynkien\" href=\"https:\/\/www.facebook.com\/ewa.martynkien\" target=\"blank\"><u>\/ewa.martynkien<\/u><br \/><\/a><\/p>\t\t\t\t\t\t\t\t<\/div>\n\t\t\t\t<\/div>\n\t\t\t\t<div class=\"elementor-element elementor-element-caae74b elementor-widget elementor-widget-image\" data-id=\"caae74b\" data-element_type=\"widget\" data-e-type=\"widget\" data-widget_type=\"image.default\">\n\t\t\t\t\t\t\t\t\t\t\t\t\t\t\t<img fetchpriority=\"high\" decoding=\"async\" width=\"683\" height=\"1024\" src=\"https:\/\/ewamartynkien.com\/wp-content\/uploads\/2026\/03\/Ewa_Martynkien1-683x1024.jpg\" class=\"attachment-large size-large wp-image-130\" alt=\"\" srcset=\"https:\/\/ewamartynkien.com\/wp-content\/uploads\/2026\/03\/Ewa_Martynkien1-683x1024.jpg 683w, https:\/\/ewamartynkien.com\/wp-content\/uploads\/2026\/03\/Ewa_Martynkien1-200x300.jpg 200w, https:\/\/ewamartynkien.com\/wp-content\/uploads\/2026\/03\/Ewa_Martynkien1-768x1152.jpg 768w, https:\/\/ewamartynkien.com\/wp-content\/uploads\/2026\/03\/Ewa_Martynkien1-1024x1536.jpg 1024w, https:\/\/ewamartynkien.com\/wp-content\/uploads\/2026\/03\/Ewa_Martynkien1-1365x2048.jpg 1365w, https:\/\/ewamartynkien.com\/wp-content\/uploads\/2026\/03\/Ewa_Martynkien1-scaled.jpg 1707w\" sizes=\"(max-width: 683px) 100vw, 683px\" \/>\t\t\t\t\t\t\t\t\t\t\t\t\t\t\t<\/div>\n\t\t\t\t\t<\/div>\n\t\t\t\t<\/div>\n\t\t<div class=\"elementor-element elementor-element-0fadbe7 e-grid e-con-boxed e-con e-parent\" data-id=\"0fadbe7\" data-element_type=\"container\" data-e-type=\"container\">\n\t\t\t\t\t<div class=\"e-con-inner\">\n\t\t\t\t<div class=\"elementor-element elementor-element-6ea568c elementor-widget elementor-widget-text-editor\" data-id=\"6ea568c\" data-element_type=\"widget\" data-e-type=\"widget\" data-widget_type=\"text-editor.default\">\n\t\t\t\t\t\t\t\t\t<h3>Serie dla dzieci\/ Children\u2019s series<\/h3><p>dla MiniMini+ i teleTOON+<\/p><p>2021 Myszka w Paski: Akademia Zdrowia<\/p><p>2021 Rysuj z Myszk\u0105 w Paski 3<\/p><p>2020 Myszka w Paski i zdrowy tryb \u017cycia<\/p><p>2020 Ksi\u0119\u017cniczka Hania i Grymasek sezon 4<\/p><div>2019\u00a0Ksi\u0119\u017cniczka Hania i\u00a0 Grymasek sezon 2 i 3\u00a0<a class=\"fancybox-youtube\" title=\"zwiastun Ksi\u0119\u017cniczka Hania i Grymasek\" href=\"https:\/\/www.youtube.com\/watch?v=RYsLn2ewto8\" target=\"_blank\" rel=\"noopener\">zwiastun<\/a><\/div><p>2019 Myszka w Paski i podr\u00f3\u017ce kolej\u0105\u00a0<a title=\"zwiastun Myszka w Paski\" href=\"https:\/\/www.miniminiplus.pl\/postac\/myszka-w-paski\/48672-myszka-w-paski-i-podroze-koleja\" target=\"_blank\" rel=\"noopener\">zwiastun<\/a><\/p><p>2019 Detektyw \u0141odyga na tropie zagadek podr\u00f3\u017cniczych\u00a0<a title=\"zwiastun\" href=\"https:\/\/www.miniminiplus.pl\/postac\/detektyw-lodyga\/48842-detektyw-lodyga-7\" target=\"_blank\" rel=\"noopener\">wi\u0119cej<\/a><\/p><p>2018 Rysuj z Myszk\u0105 w Paski 2<\/p><p>2018 Detektyw \u0141odyga na tropie zagadek architektonicznych<\/p><p>2018 Ksi\u0119\u017cniczka Hania i Grymasek<\/p><p>2017 Myszka w Paski i \u015bwiat pieni\u0119dzy<\/p><p>2017 Rysuj z Myszk\u0105 w Paski<\/p><p>2017 Wygibajki 2<\/p><p>2016 Radiow\u0119ze\u0142 po godzinach<\/p><p>2016 Detektyw \u0141odyga na tropie zagadek fizycznych<\/p><p>2016 Radiow\u0119ze\u0142 13 i p\u00f3\u0142 sezon 2<\/p><p>2016 Myszka w Paski i zasady higieny<\/p><p>2016 Zagadki Myszki w Paski<\/p><p>2015 Detektyw \u0141odyga na tropie wynalazk\u00f3w<\/p><p>2015 Radiow\u0119ze\u0142 13 i p\u00f3\u0142<\/p><p>2015 Dzielny Lew Eryk [script doctor]<\/p><p>2015 Myszka w Paski i zasady bezpiecze\u0144stwa<\/p><p>2015 Myszka w Paski i pierwsza pomoc<\/p><p>2015 Meme i obce s\u0142owa<\/p><p>2014 Myszka w Paski i dobre maniery<\/p><p>2014 Detektyw \u0141odyga na tropie zagadek astronomicznych<\/p><p>2014 Opowie\u015bci Kota \u015apiocha<\/p><p>2014 Deserownia 3<\/p><p>2013 Detektyw \u0141odyga na tropie zagadek przyrodniczych<\/p><p>2013 Meme i tajemnicze s\u0142owa<\/p><p>2013 Deserownia 2<\/p><p>2012 Opowie\u015bci Kota \u015apiocha<\/p><p>2012 Deserownia<\/p><p>2012 Meme i przys\u0142owia<\/p><p>2011 Detektyw \u0141odyga na tropie zagadek ekologicznych<\/p><h4>Filmy dokumentalne \/ Documentary films<\/h4><p>2022 Pinki [re\u017cyseria, scenariusz] \u2013 dokument dla dzieci w wieku 9-12 lat, opowiadaj\u0105cy o tym, co w naszej relacji ze zwierz\u0119tami jest wyj\u0105tkowe i autentyczne<\/p><p>2007 Przestrzenie [re\u017cyseria, scenariusz] \u2013 dokument o grafiku Ryszardzie Gieryszweskim<\/p><p>2006 Kontrolerka [scenariusz]<\/p><p>2006 Zapiski [re\u017cyseria, scenariusz] \u2013 portret artystki Marii \u0141uszczkiewicz \u2013 Jastrz\u0119bskiej<\/p>\t\t\t\t\t\t\t\t<\/div>\n\t\t\t\t<div class=\"elementor-element elementor-element-f561446 elementor-widget elementor-widget-text-editor\" data-id=\"f561446\" data-element_type=\"widget\" data-e-type=\"widget\" data-widget_type=\"text-editor.default\">\n\t\t\t\t\t\t\t\t\t<h3>Ksi\u0105\u017cki dla dzieci \/ Children\u2019s books<\/h3><p>2026 \u201eCh\u0142opiec i Gwiezdny Wilk\u201d, Wydawnictwo Literatura<\/p><p>2023 \u201eMopek na tropie zamkowego ducha\u201d Wydawnictwo Literatura<\/p><p>2021 \u201eEerik z Ksi\u0119\u017cyca\u201d antologia opowiada\u0144 sf, Wydawnictwo Literatura<\/p><p>2021 \u201eJak zdoby\u0107 supermoce\u201d, Wydawnictwo Literatura<\/p><p>2020 \u201eM\u00f3j Kumpel Jeremi\u201d, Wydawnictwo Literatura<\/p><p>2019 \u201eJ\u00f3zia K\u0142opotek i otch\u0142a\u0144 kl\u0119sk\u201d, wyd. ADAMADA<\/p><p>2018 \u201eJadwiga Przygoda i Franciszek Wsz\u0119dobylski odkrywaj\u0105 stolice Europy\u201d, wyd. Edipresse<\/p><p>2018 \u201eKsi\u0119\u017cniczka Hania i Grymasek\u201d, wyd. Edipresse<\/p><p>2018 \u201eDetektyw Melania Kura\u201d, wyd. Edipresse<\/p><p>2018 \u201eMyszka w Paski i zabawa w liczenie\u201d, wyd. Edipresse<\/p><p>2018 \u201eLew Eryk. Rodzinka si\u0119 powi\u0119ksza\u201d, wyd. Edipresse<\/p><p>2018 \u201eDetektyw \u0141odyga na tropie zagadek fizycznych\u201d, wyd. Edipresse<\/p><p>2017 \u201eJadwiga Przygoda i Franciszek Wsz\u0119dobylski odkrywaj\u0105 Polsk\u0119\u201d, wyd. Edipresse<\/p><p>2017 \u201eMyszka w Paski i Pierwsza pomoc\u201d, wyd. Edipresse<\/p><p>2017 \u201eDetektyw \u0141odyga na tropie zagadek przyrodniczych\u201d, wyd. Edipresse<\/p><p>2017 \u201eLew Eryk\u201d, wyd. Edipresse<\/p><h3>Nagrody, wyr\u00f3\u017cnienia, nominacje<\/h3><p>2024 \u201eCh\u0142opiec i Gwiezdny Wilk\u201d \u2013 Lista Zauwa\u017conych w VI edycji w Konkursie Literackim na ksi\u0105\u017ck\u0119 dla dzieci im. Astrid Lindgren<\/p><p>2023 Wyr\u00f3\u017cnienie dla filmu dokumentalnego \u201ePinki\u201d podczas 4. Edycji Festiwalu Kino w Trampkach<\/p><p>2022 II nagroda za scenariusz \u201eYana i Miszka\u201d w Konkursie na scenariusz filmu kr\u00f3tkometra\u017cowego dla dzieci Stowarzyszenia Autor\u00f3w ZAIKS i Fundacji Cinemania<\/p><p>2022 \u201eJak zdoby\u0107 supermoce\u201d \u2013 nominacja do XXIX Og\u00f3lnopolskiej Nagrody Literackiej im. Kornela Makuszy\u0144skiego!<\/p><p>2021 \u201eM\u00f3j kumpel Jeremi\u201d \u2013 Z\u0142ota Lista najlepszych tytu\u0142\u00f3w Fundacji Ca\u0142a Polska Czyta Dzieciom<\/p><p>2021 \u201eM\u00f3j kumpel Jeremi\u201d \u2013 nominacja do XXVIII Og\u00f3lnopolskiej Nagrody Literackiej im. Kornela Makuszy\u0144skiego<\/p><p>2021 \u201eM\u00f3j kumpel Jeremi\u201d \u2013 nominacja do Z\u0142otej Dwudziestki Fundacji Ca\u0142a Polska Czyta Dzieciom<\/p><p>2021 \u201eM\u00f3j kumpel Jeremi\u201d \u2013 nominacja do Nagrody im. Ferdynanda Wspania\u0142ego<\/p><p>2019 \u201eM\u00f3j kumpel Jeremi\u201d \u2013 III miejsce w V edycji w Konkursie Literackim na ksi\u0105\u017ck\u0119 dla dzieci im. Astrid Lindgren<\/p><h3>Artyku\u0142y<\/h3><p>\u00a0<\/p><hr \/><div class=\"article-inner\"><h3><em>\u201eCinekid\u201d<\/em><\/h3><p>[<em>\u00a0Filmpro 1(29)\/2017\u00a0<\/em>]<\/p><p>Tekst: Ewa Martynkien<\/p><p><strong><a href=\"http:\/\/serwer431481.lh.pl\/autoinstalator\/serwer431481.lh.pl\/wordpress156182\/wp-content\/uploads\/2026\/03\/FILMPRO_29_str-8-12.pdf\">Artyku\u0142 w formacie PDF.<\/a><\/strong><\/p><\/div><div class=\"article-inner\"><h3><em>\u201eWyj\u015bcie z niszy\u201d<\/em><\/h3><p>[<em>\u00a0Filmpro 1(25)\/2016\u00a0<\/em>]<\/p><p>Wywiad przeprowadzony przez Iren\u0119 Gruc\u0119-Rozbick\u0105 z Ew\u0105 Martynkien.<\/p><p><strong><a href=\"http:\/\/serwer431481.lh.pl\/autoinstalator\/serwer431481.lh.pl\/wordpress156182\/wp-content\/uploads\/2026\/03\/FILMPRO_25_39-41.pdf\">Artyku\u0142 w formacie PDF.<\/a><\/strong><\/p><\/div>\t\t\t\t\t\t\t\t<\/div>\n\t\t\t\t\t<\/div>\n\t\t\t\t<\/div>\n\t\t\t\t<\/div>\n\t\t","protected":false},"excerpt":{"rendered":"<p>Jestem scenarzystk\u0105 i pisark\u0105. Pisanie dla dzieci jest moj\u0105 pasj\u0105 i wielk\u0105 przygod\u0105. Uko\u0144czy\u0142am Wydzia\u0142 Neofilologii na Uniwersytecie Warszawskim oraz Akademi\u0119 Filmu i Telewizji w Warszawie. Jestem pedagogiem i scenarzystk\u0105. Zajmuj\u0119 si\u0119 tw\u00f3rczo\u015bci\u0105 dla dzieci. Od lat wsp\u00f3\u0142pracuj\u0119 z kana\u0142em telewizyjnym\u00a0MiniMini + i TeleTOON+. Jestem autork\u0105 scenariuszy do serii o\u00a0Detektywie \u0141odydze,\u00a0Myszce w Paski, czy\u00a0Hani i &hellip;<\/p>\n","protected":false},"author":1,"featured_media":0,"parent":0,"menu_order":0,"comment_status":"closed","ping_status":"closed","template":"","meta":{"footnotes":""},"class_list":["post-58","page","type-page","status-publish","hentry"],"_links":{"self":[{"href":"https:\/\/ewamartynkien.com\/index.php\/wp-json\/wp\/v2\/pages\/58","targetHints":{"allow":["GET"]}}],"collection":[{"href":"https:\/\/ewamartynkien.com\/index.php\/wp-json\/wp\/v2\/pages"}],"about":[{"href":"https:\/\/ewamartynkien.com\/index.php\/wp-json\/wp\/v2\/types\/page"}],"author":[{"embeddable":true,"href":"https:\/\/ewamartynkien.com\/index.php\/wp-json\/wp\/v2\/users\/1"}],"replies":[{"embeddable":true,"href":"https:\/\/ewamartynkien.com\/index.php\/wp-json\/wp\/v2\/comments?post=58"}],"version-history":[{"count":13,"href":"https:\/\/ewamartynkien.com\/index.php\/wp-json\/wp\/v2\/pages\/58\/revisions"}],"predecessor-version":[{"id":142,"href":"https:\/\/ewamartynkien.com\/index.php\/wp-json\/wp\/v2\/pages\/58\/revisions\/142"}],"wp:attachment":[{"href":"https:\/\/ewamartynkien.com\/index.php\/wp-json\/wp\/v2\/media?parent=58"}],"curies":[{"name":"wp","href":"https:\/\/api.w.org\/{rel}","templated":true}]}}