{"id":63,"date":"2026-03-25T10:43:33","date_gmt":"2026-03-25T10:43:33","guid":{"rendered":"https:\/\/serwer431481.lh.pl\/autoinstalator\/serwer431481.lh.pl\/wordpress156182\/?page_id=63"},"modified":"2026-04-13T16:54:50","modified_gmt":"2026-04-13T16:54:50","slug":"filmy-dokumentalne","status":"publish","type":"page","link":"https:\/\/ewamartynkien.com\/index.php\/filmy-dokumentalne\/","title":{"rendered":"Filmy dokumentalne"},"content":{"rendered":"\t\t<div data-elementor-type=\"wp-page\" data-elementor-id=\"63\" class=\"elementor elementor-63\">\n\t\t\t\t<div class=\"elementor-element elementor-element-4c548c4 e-flex e-con-boxed e-con e-parent\" data-id=\"4c548c4\" data-element_type=\"container\" data-e-type=\"container\">\n\t\t\t\t\t<div class=\"e-con-inner\">\n\t\t\t\t<div class=\"elementor-element elementor-element-7304e7c premium-blog-align-left elementor-widget elementor-widget-premium-addon-blog\" data-id=\"7304e7c\" data-element_type=\"widget\" data-e-type=\"widget\" data-settings=\"{&quot;premium_blog_columns_number&quot;:&quot;33.33%&quot;,&quot;premium_blog_grid&quot;:&quot;yes&quot;,&quot;premium_blog_layout&quot;:&quot;even&quot;,&quot;premium_blog_columns_number_tablet&quot;:&quot;50%&quot;,&quot;premium_blog_columns_number_mobile&quot;:&quot;100%&quot;}\" data-widget_type=\"premium-addon-blog.default\">\n\t\t\t\t\t\n\t\t\n\n\t\t\t\t<div class=\"premium-blog-wrap  premium-blog-even\" data-page=\"63\">\n\t\t\t\t\t\t\t\t\t<div class=\"premium-blog-post-outer-container\" data-total=\"2\">\n\t\t\t<div class=\"premium-blog-post-container premium-blog-skin-classic\">\n\t\t\t\t\t\t\t\t\t<div class=\"premium-blog-thumb-effect-wrapper\">\n\t\t\t\t\t\t<div class=\"premium-blog-thumbnail-container premium-blog-zoomin-effect\">\n\t\t\t\t\t\t\t<img fetchpriority=\"high\" decoding=\"async\" width=\"306\" height=\"175\" src=\"https:\/\/ewamartynkien.com\/wp-content\/uploads\/2026\/04\/ikona-Byl-sobie-Pinki-306x175-1.jpg\" class=\"attachment-full size-full wp-image-636\" alt=\"\" srcset=\"https:\/\/ewamartynkien.com\/wp-content\/uploads\/2026\/04\/ikona-Byl-sobie-Pinki-306x175-1.jpg 306w, https:\/\/ewamartynkien.com\/wp-content\/uploads\/2026\/04\/ikona-Byl-sobie-Pinki-306x175-1-300x172.jpg 300w\" sizes=\"(max-width: 306px) 100vw, 306px\" \/>\t\t\t\t\t\t<\/div>\n\t\t\t\t\t\t\t\t\t\t\t\t\t<div class=\"premium-blog-thumbnail-overlay\">\n\t\t\t\t\t\t\t\t<a class=\"elementor-icon\" href=\"https:\/\/ewamartynkien.com\/index.php\/2026\/04\/13\/pinki-film-dokumentalny-dla-dzieci\/\" target=\"_blank\"><\/a>\n\t\t\t\t\t\t\t<\/div>\n\n\t\t\t\t\t\t\t\t\t\t\t\t\t\t\t\t\t\t<\/div>\n\t\t\t\t\t\t\t\t\t\t\t\t<div class=\"premium-blog-content-wrapper \">\n\n\t\t\t\t\t<div class=\"premium-blog-inner-container\">\n\n\t\t\t\t\t\t\t\t\t\t\t\t\t\t<h2 class=\"premium-blog-entry-title\">\n\t\t\t<a href=\"https:\/\/ewamartynkien.com\/index.php\/2026\/04\/13\/pinki-film-dokumentalny-dla-dzieci\/\" target=\"_blank\">\n\t\t\t\tPinki \u2013 film dokumentalny dla dzieci\t\t\t<\/a>\n\t\t<\/h2>\n\t\t\t\t<div class=\"premium-blog-entry-meta\">\n\t\t\t\n\t\t\t\n\t\t\t\t\t\t\t<span class=\"premium-blog-meta-separator\">\u2022<\/span>\n\t\t\t\t<div class=\"premium-blog-post-categories premium-blog-meta-data\">\n\t\t\t\t\t<i class=\"fa fa-align-left fa-fw\" aria-hidden=\"true\"><\/i>\n\t\t\t\t\t<a href=\"https:\/\/ewamartynkien.com\/index.php\/category\/filmydokumentalne\/\" rel=\"category tag\">Filmy dokumentalne<\/a>\t\t\t\t<\/div>\n\t\t\t\n\t\t\t\t\t<\/div>\n\t\t\n\t\t\t\t\t<\/div>\n\n\t\t\t\t\t\t\t<div class=\"premium-blog-content-inner-wrapper\">\n\t\t<p class=\"premium-blog-post-content\">\u00a0 PLCzteroletni Pinki mieszka w boksie w cz\u0119\u015bci schroniska przeznaczonej dla du\u017cych ps\u00f3w. Mieszka tu mo\u017cna powiedzie\u0107 od zawsze, bo cho\u0107 jest \u2026<\/p>\t\t<\/div>\n\t\t\t\t\t\t\t\n\t\t\t\t<\/div>\n\t\t\t<\/div>\n\t\t<\/div>\n\n\t\t\t\t<div class=\"premium-blog-post-outer-container\" data-total=\"2\">\n\t\t\t<div class=\"premium-blog-post-container premium-blog-skin-classic\">\n\t\t\t\t\t\t\t\t\t<div class=\"premium-blog-thumb-effect-wrapper\">\n\t\t\t\t\t\t<div class=\"premium-blog-thumbnail-container premium-blog-zoomin-effect\">\n\t\t\t\t\t\t\t<img decoding=\"async\" width=\"1022\" height=\"574\" src=\"https:\/\/ewamartynkien.com\/wp-content\/uploads\/2026\/04\/rdd_01.jpg\" class=\"attachment-full size-full wp-image-618\" alt=\"\" srcset=\"https:\/\/ewamartynkien.com\/wp-content\/uploads\/2026\/04\/rdd_01.jpg 1022w, https:\/\/ewamartynkien.com\/wp-content\/uploads\/2026\/04\/rdd_01-300x168.jpg 300w, https:\/\/ewamartynkien.com\/wp-content\/uploads\/2026\/04\/rdd_01-768x431.jpg 768w\" sizes=\"(max-width: 1022px) 100vw, 1022px\" \/>\t\t\t\t\t\t<\/div>\n\t\t\t\t\t\t\t\t\t\t\t\t\t<div class=\"premium-blog-thumbnail-overlay\">\n\t\t\t\t\t\t\t\t<a class=\"elementor-icon\" href=\"https:\/\/ewamartynkien.com\/index.php\/2026\/04\/13\/rodzinne-domy-dziecka\/\" target=\"_blank\"><\/a>\n\t\t\t\t\t\t\t<\/div>\n\n\t\t\t\t\t\t\t\t\t\t\t\t\t\t\t\t\t\t<\/div>\n\t\t\t\t\t\t\t\t\t\t\t\t<div class=\"premium-blog-content-wrapper \">\n\n\t\t\t\t\t<div class=\"premium-blog-inner-container\">\n\n\t\t\t\t\t\t\t\t\t\t\t\t\t\t<h2 class=\"premium-blog-entry-title\">\n\t\t\t<a href=\"https:\/\/ewamartynkien.com\/index.php\/2026\/04\/13\/rodzinne-domy-dziecka\/\" target=\"_blank\">\n\t\t\t\tRodzinne Domy Dziecka\t\t\t<\/a>\n\t\t<\/h2>\n\t\t\t\t<div class=\"premium-blog-entry-meta\">\n\t\t\t\n\t\t\t\n\t\t\t\t\t\t\t<span class=\"premium-blog-meta-separator\">\u2022<\/span>\n\t\t\t\t<div class=\"premium-blog-post-categories premium-blog-meta-data\">\n\t\t\t\t\t<i class=\"fa fa-align-left fa-fw\" aria-hidden=\"true\"><\/i>\n\t\t\t\t\t<a href=\"https:\/\/ewamartynkien.com\/index.php\/category\/filmydokumentalne\/\" rel=\"category tag\">Filmy dokumentalne<\/a>\t\t\t\t<\/div>\n\t\t\t\n\t\t\t\t\t<\/div>\n\t\t\n\t\t\t\t\t<\/div>\n\n\t\t\t\t\t\t\t<div class=\"premium-blog-content-inner-wrapper\">\n\t\t<p class=\"premium-blog-post-content\">\u00a0 Dokument pokazuje codzienne \u017cycie w rodzinnych domach dziecka. Opowiada o rado\u015bciach i troskach zar\u00f3wno dzieci jak i rodzic\u00f3w. Przede wszystkim jednak \u2026<\/p>\t\t<\/div>\n\t\t\t\t\t\t\t\n\t\t\t\t<\/div>\n\t\t\t<\/div>\n\t\t<\/div>\n\n\t\t\t\t<div class=\"premium-blog-post-outer-container\" data-total=\"2\">\n\t\t\t<div class=\"premium-blog-post-container premium-blog-skin-classic\">\n\t\t\t\t\t\t\t\t\t<div class=\"premium-blog-thumb-effect-wrapper\">\n\t\t\t\t\t\t<div class=\"premium-blog-thumbnail-container premium-blog-zoomin-effect\">\n\t\t\t\t\t\t\t<img decoding=\"async\" width=\"1024\" height=\"576\" src=\"https:\/\/ewamartynkien.com\/wp-content\/uploads\/2026\/04\/przestrzenie_03.jpg\" class=\"attachment-full size-full wp-image-599\" alt=\"\" srcset=\"https:\/\/ewamartynkien.com\/wp-content\/uploads\/2026\/04\/przestrzenie_03.jpg 1024w, https:\/\/ewamartynkien.com\/wp-content\/uploads\/2026\/04\/przestrzenie_03-300x169.jpg 300w, https:\/\/ewamartynkien.com\/wp-content\/uploads\/2026\/04\/przestrzenie_03-768x432.jpg 768w\" sizes=\"(max-width: 1024px) 100vw, 1024px\" \/>\t\t\t\t\t\t<\/div>\n\t\t\t\t\t\t\t\t\t\t\t\t\t<div class=\"premium-blog-thumbnail-overlay\">\n\t\t\t\t\t\t\t\t<a class=\"elementor-icon\" href=\"https:\/\/ewamartynkien.com\/index.php\/2026\/04\/13\/przestrzenie\/\" target=\"_blank\"><\/a>\n\t\t\t\t\t\t\t<\/div>\n\n\t\t\t\t\t\t\t\t\t\t\t\t\t\t\t\t\t\t<\/div>\n\t\t\t\t\t\t\t\t\t\t\t\t<div class=\"premium-blog-content-wrapper \">\n\n\t\t\t\t\t<div class=\"premium-blog-inner-container\">\n\n\t\t\t\t\t\t\t\t\t\t\t\t\t\t<h2 class=\"premium-blog-entry-title\">\n\t\t\t<a href=\"https:\/\/ewamartynkien.com\/index.php\/2026\/04\/13\/przestrzenie\/\" target=\"_blank\">\n\t\t\t\tPrzestrzenie\t\t\t<\/a>\n\t\t<\/h2>\n\t\t\t\t<div class=\"premium-blog-entry-meta\">\n\t\t\t\n\t\t\t\n\t\t\t\t\t\t\t<span class=\"premium-blog-meta-separator\">\u2022<\/span>\n\t\t\t\t<div class=\"premium-blog-post-categories premium-blog-meta-data\">\n\t\t\t\t\t<i class=\"fa fa-align-left fa-fw\" aria-hidden=\"true\"><\/i>\n\t\t\t\t\t<a href=\"https:\/\/ewamartynkien.com\/index.php\/category\/filmydokumentalne\/\" rel=\"category tag\">Filmy dokumentalne<\/a>\t\t\t\t<\/div>\n\t\t\t\n\t\t\t\t\t<\/div>\n\t\t\n\t\t\t\t\t<\/div>\n\n\t\t\t\t\t\t\t<div class=\"premium-blog-content-inner-wrapper\">\n\t\t<p class=\"premium-blog-post-content\">\u00a0 Artysta uko\u0144czy\u0142 Akademi\u0119 Sztuk Pi\u0119knych w Warszawie w 1964 roku. wi\u0119kszo\u015b\u0107 jego prac powstawa\u0142o w technikach linorytu, drzeworytu i wypuk\u0142odruku. A \u2026<\/p>\t\t<\/div>\n\t\t\t\t\t\t\t\n\t\t\t\t<\/div>\n\t\t\t<\/div>\n\t\t<\/div>\n\n\t\t\t\t<div class=\"premium-blog-post-outer-container\" data-total=\"2\">\n\t\t\t<div class=\"premium-blog-post-container premium-blog-skin-classic\">\n\t\t\t\t\t\t\t\t\t<div class=\"premium-blog-thumb-effect-wrapper\">\n\t\t\t\t\t\t<div class=\"premium-blog-thumbnail-container premium-blog-zoomin-effect\">\n\t\t\t\t\t\t\t<img loading=\"lazy\" decoding=\"async\" width=\"768\" height=\"416\" src=\"https:\/\/ewamartynkien.com\/wp-content\/uploads\/2026\/04\/Zapiski_001.jpg\" class=\"attachment-full size-full wp-image-552\" alt=\"\" srcset=\"https:\/\/ewamartynkien.com\/wp-content\/uploads\/2026\/04\/Zapiski_001.jpg 768w, https:\/\/ewamartynkien.com\/wp-content\/uploads\/2026\/04\/Zapiski_001-300x163.jpg 300w\" sizes=\"(max-width: 768px) 100vw, 768px\" \/>\t\t\t\t\t\t<\/div>\n\t\t\t\t\t\t\t\t\t\t\t\t\t<div class=\"premium-blog-thumbnail-overlay\">\n\t\t\t\t\t\t\t\t<a class=\"elementor-icon\" href=\"https:\/\/ewamartynkien.com\/index.php\/2026\/04\/13\/zapiski\/\" target=\"_blank\"><\/a>\n\t\t\t\t\t\t\t<\/div>\n\n\t\t\t\t\t\t\t\t\t\t\t\t\t\t\t\t\t\t<\/div>\n\t\t\t\t\t\t\t\t\t\t\t\t<div class=\"premium-blog-content-wrapper \">\n\n\t\t\t\t\t<div class=\"premium-blog-inner-container\">\n\n\t\t\t\t\t\t\t\t\t\t\t\t\t\t<h2 class=\"premium-blog-entry-title\">\n\t\t\t<a href=\"https:\/\/ewamartynkien.com\/index.php\/2026\/04\/13\/zapiski\/\" target=\"_blank\">\n\t\t\t\tZapiski\t\t\t<\/a>\n\t\t<\/h2>\n\t\t\t\t<div class=\"premium-blog-entry-meta\">\n\t\t\t\n\t\t\t\n\t\t\t\t\t\t\t<span class=\"premium-blog-meta-separator\">\u2022<\/span>\n\t\t\t\t<div class=\"premium-blog-post-categories premium-blog-meta-data\">\n\t\t\t\t\t<i class=\"fa fa-align-left fa-fw\" aria-hidden=\"true\"><\/i>\n\t\t\t\t\t<a href=\"https:\/\/ewamartynkien.com\/index.php\/category\/filmydokumentalne\/\" rel=\"category tag\">Filmy dokumentalne<\/a>\t\t\t\t<\/div>\n\t\t\t\n\t\t\t\t\t<\/div>\n\t\t\n\t\t\t\t\t<\/div>\n\n\t\t\t\t\t\t\t<div class=\"premium-blog-content-inner-wrapper\">\n\t\t<p class=\"premium-blog-post-content\">\u00a0 Maria \u0141uszczkiewicz Jastrz\u0119bska otrzyma\u0142a dyplom Warszawskiej Akademii Sztuk Pi\u0119knych w 1954 roku na Wydziale Grafiki w pracowni Tadeusza Kulisiewicza. Film przedstawia \u2026<\/p>\t\t<\/div>\n\t\t\t\t\t\t\t\n\t\t\t\t<\/div>\n\t\t\t<\/div>\n\t\t<\/div>\n\n\t\t\t\t\t\t\t<\/div>\n\n\t\t\n\t\t\n\t\t\t\t\t\t<\/div>\n\t\t\t\t\t<\/div>\n\t\t\t\t<\/div>\n\t\t\t\t<\/div>\n\t\t","protected":false},"excerpt":{"rendered":"<p>Zapiski \u2022 Filmy dokumentalne Zapiski Maria \u0141uszczkiewicz Jastrz\u0119bska otrzyma\u0142a dyplom Warszawskiej Akademii Sztuk Pi\u0119knych w 1954 roku na Wydziale Grafiki w pracowni Tadeusza Kulisiewicza. Film przedstawia \u2026 Kontrolerka \u2022 Filmy dokumentalne Kontrolerka \u017bycie 11 letniej Julki skupia si\u0119 wok\u00f3\u0142 komputera, telefonu i telewizji. Dziewczyna sp\u0119dza wolny czas na grach komputerowych. Kontaktuje si\u0119 z \u2026<\/p>\n","protected":false},"author":1,"featured_media":0,"parent":0,"menu_order":0,"comment_status":"closed","ping_status":"closed","template":"","meta":{"footnotes":""},"class_list":["post-63","page","type-page","status-publish","hentry"],"_links":{"self":[{"href":"https:\/\/ewamartynkien.com\/index.php\/wp-json\/wp\/v2\/pages\/63","targetHints":{"allow":["GET"]}}],"collection":[{"href":"https:\/\/ewamartynkien.com\/index.php\/wp-json\/wp\/v2\/pages"}],"about":[{"href":"https:\/\/ewamartynkien.com\/index.php\/wp-json\/wp\/v2\/types\/page"}],"author":[{"embeddable":true,"href":"https:\/\/ewamartynkien.com\/index.php\/wp-json\/wp\/v2\/users\/1"}],"replies":[{"embeddable":true,"href":"https:\/\/ewamartynkien.com\/index.php\/wp-json\/wp\/v2\/comments?post=63"}],"version-history":[{"count":10,"href":"https:\/\/ewamartynkien.com\/index.php\/wp-json\/wp\/v2\/pages\/63\/revisions"}],"predecessor-version":[{"id":607,"href":"https:\/\/ewamartynkien.com\/index.php\/wp-json\/wp\/v2\/pages\/63\/revisions\/607"}],"wp:attachment":[{"href":"https:\/\/ewamartynkien.com\/index.php\/wp-json\/wp\/v2\/media?parent=63"}],"curies":[{"name":"wp","href":"https:\/\/api.w.org\/{rel}","templated":true}]}}