{"id":68,"date":"2026-03-25T10:43:57","date_gmt":"2026-03-25T10:43:57","guid":{"rendered":"https:\/\/serwer431481.lh.pl\/autoinstalator\/serwer431481.lh.pl\/wordpress156182\/?page_id=68"},"modified":"2026-04-16T10:26:34","modified_gmt":"2026-04-16T10:26:34","slug":"seriale-tv-dla-dzieci","status":"publish","type":"page","link":"https:\/\/ewamartynkien.com\/index.php\/seriale-tv-dla-dzieci\/","title":{"rendered":"Seriale TV dla dzieci"},"content":{"rendered":"\t\t<div data-elementor-type=\"wp-page\" data-elementor-id=\"68\" class=\"elementor elementor-68\">\n\t\t\t\t<div class=\"elementor-element elementor-element-a98519b e-flex e-con-boxed e-con e-parent\" data-id=\"a98519b\" data-element_type=\"container\" data-e-type=\"container\">\n\t\t\t\t\t<div class=\"e-con-inner\">\n\t\t\t\t<div class=\"elementor-element elementor-element-ed8b88e premium-blog-align-left elementor-widget elementor-widget-premium-addon-blog\" data-id=\"ed8b88e\" data-element_type=\"widget\" data-e-type=\"widget\" data-settings=\"{&quot;premium_blog_columns_number&quot;:&quot;33.33%&quot;,&quot;force_height&quot;:&quot;true&quot;,&quot;premium_blog_infinite_scroll&quot;:&quot;yes&quot;,&quot;premium_blog_grid&quot;:&quot;yes&quot;,&quot;premium_blog_layout&quot;:&quot;even&quot;,&quot;premium_blog_columns_number_tablet&quot;:&quot;50%&quot;,&quot;premium_blog_columns_number_mobile&quot;:&quot;100%&quot;}\" data-widget_type=\"premium-addon-blog.default\">\n\t\t\t\t\t\n\t\t\n\n\t\t\t\t<div class=\"premium-blog-wrap  premium-blog-even\" data-page=\"68\">\n\t\t\t\t\t\t\t\t\t<div class=\"premium-blog-post-outer-container\" data-total=\"2\">\n\t\t\t<div class=\"premium-blog-post-container premium-blog-skin-classic\">\n\t\t\t\t\t\t\t\t\t<div class=\"premium-blog-thumb-effect-wrapper\">\n\t\t\t\t\t\t<div class=\"premium-blog-thumbnail-container premium-blog-zoomin-effect\">\n\t\t\t\t\t\t\t<img fetchpriority=\"high\" decoding=\"async\" width=\"800\" height=\"450\" src=\"https:\/\/ewamartynkien.com\/wp-content\/uploads\/2026\/04\/myszka-tytul_tryb_zycia.jpg\" class=\"attachment-full size-full wp-image-798\" alt=\"\" srcset=\"https:\/\/ewamartynkien.com\/wp-content\/uploads\/2026\/04\/myszka-tytul_tryb_zycia.jpg 800w, https:\/\/ewamartynkien.com\/wp-content\/uploads\/2026\/04\/myszka-tytul_tryb_zycia-300x169.jpg 300w, https:\/\/ewamartynkien.com\/wp-content\/uploads\/2026\/04\/myszka-tytul_tryb_zycia-768x432.jpg 768w\" sizes=\"(max-width: 800px) 100vw, 800px\" \/>\t\t\t\t\t\t<\/div>\n\t\t\t\t\t\t\t\t\t\t\t\t\t<div class=\"premium-blog-thumbnail-overlay\">\n\t\t\t\t\t\t\t\t<a class=\"elementor-icon\" href=\"https:\/\/ewamartynkien.com\/index.php\/2026\/04\/16\/myszka-w-paski-i-zdrowy-tryb-zycia\/\" target=\"_blank\"><\/a>\n\t\t\t\t\t\t\t<\/div>\n\n\t\t\t\t\t\t\t\t\t\t\t\t\t\t\t\t\t\t<\/div>\n\t\t\t\t\t\t\t\t\t\t\t\t<div class=\"premium-blog-content-wrapper \">\n\n\t\t\t\t\t<div class=\"premium-blog-inner-container\">\n\n\t\t\t\t\t\t\t\t\t\t\t\t\t\t<h2 class=\"premium-blog-entry-title\">\n\t\t\t<a href=\"https:\/\/ewamartynkien.com\/index.php\/2026\/04\/16\/myszka-w-paski-i-zdrowy-tryb-zycia\/\" target=\"_blank\">\n\t\t\t\tMyszka w Paski i zdrowy tryb \u017cycia\t\t\t<\/a>\n\t\t<\/h2>\n\t\t\t\t<div class=\"premium-blog-entry-meta\">\n\t\t\t\n\t\t\t\n\t\t\t\t\t\t\t<span class=\"premium-blog-meta-separator\">\u2022<\/span>\n\t\t\t\t<div class=\"premium-blog-post-categories premium-blog-meta-data\">\n\t\t\t\t\t<i class=\"fa fa-align-left fa-fw\" aria-hidden=\"true\"><\/i>\n\t\t\t\t\t<a href=\"https:\/\/ewamartynkien.com\/index.php\/category\/serialetvdladzieci\/\" rel=\"category tag\">Seriale TV dla dzieci<\/a>\t\t\t\t<\/div>\n\t\t\t\n\t\t\t\t\t<\/div>\n\t\t\n\t\t\t\t\t<\/div>\n\n\t\t\t\t\t\t\t<div class=\"premium-blog-content-inner-wrapper\">\n\t\t<p class=\"premium-blog-post-content\">\u00a0 \u201eMyszka w Paski i zdrowy tryb \u017cycia\u201d to nowa kolejna seria edukacyjna dla dzieci 3+, w kt\u00f3rej Myszka w Paski i<\/p><div class=\"premium-blog-excerpt-link-wrap\"><a href=\"https:\/\/ewamartynkien.com\/index.php\/2026\/04\/16\/myszka-w-paski-i-zdrowy-tryb-zycia\/\" target=\"_blank\" class=\"premium-blog-excerpt-link elementor-button\">Czytaj wi\u0119cej \u00bb<\/a><\/div>\t\t<\/div>\n\t\t\t\t\t\t\t\n\t\t\t\t<\/div>\n\t\t\t<\/div>\n\t\t<\/div>\n\n\t\t\t\t<div class=\"premium-blog-post-outer-container\" data-total=\"2\">\n\t\t\t<div class=\"premium-blog-post-container premium-blog-skin-classic\">\n\t\t\t\t\t\t\t\t\t<div class=\"premium-blog-thumb-effect-wrapper\">\n\t\t\t\t\t\t<div class=\"premium-blog-thumbnail-container premium-blog-zoomin-effect\">\n\t\t\t\t\t\t\t<img decoding=\"async\" width=\"748\" height=\"461\" src=\"https:\/\/ewamartynkien.com\/wp-content\/uploads\/2026\/04\/Myszka_w_paski_podroze_koleja.jpg\" class=\"attachment-full size-full wp-image-792\" alt=\"\" srcset=\"https:\/\/ewamartynkien.com\/wp-content\/uploads\/2026\/04\/Myszka_w_paski_podroze_koleja.jpg 748w, https:\/\/ewamartynkien.com\/wp-content\/uploads\/2026\/04\/Myszka_w_paski_podroze_koleja-300x185.jpg 300w\" sizes=\"(max-width: 748px) 100vw, 748px\" \/>\t\t\t\t\t\t<\/div>\n\t\t\t\t\t\t\t\t\t\t\t\t\t<div class=\"premium-blog-thumbnail-overlay\">\n\t\t\t\t\t\t\t\t<a class=\"elementor-icon\" href=\"https:\/\/ewamartynkien.com\/index.php\/2026\/04\/16\/myszka-w-paski-i-podroze-koleja\/\" target=\"_blank\"><\/a>\n\t\t\t\t\t\t\t<\/div>\n\n\t\t\t\t\t\t\t\t\t\t\t\t\t\t\t\t\t\t<\/div>\n\t\t\t\t\t\t\t\t\t\t\t\t<div class=\"premium-blog-content-wrapper \">\n\n\t\t\t\t\t<div class=\"premium-blog-inner-container\">\n\n\t\t\t\t\t\t\t\t\t\t\t\t\t\t<h2 class=\"premium-blog-entry-title\">\n\t\t\t<a href=\"https:\/\/ewamartynkien.com\/index.php\/2026\/04\/16\/myszka-w-paski-i-podroze-koleja\/\" target=\"_blank\">\n\t\t\t\tMyszka w Paski i podr\u00f3\u017ce kolej\u0105\t\t\t<\/a>\n\t\t<\/h2>\n\t\t\t\t<div class=\"premium-blog-entry-meta\">\n\t\t\t\n\t\t\t\n\t\t\t\t\t\t\t<span class=\"premium-blog-meta-separator\">\u2022<\/span>\n\t\t\t\t<div class=\"premium-blog-post-categories premium-blog-meta-data\">\n\t\t\t\t\t<i class=\"fa fa-align-left fa-fw\" aria-hidden=\"true\"><\/i>\n\t\t\t\t\t<a href=\"https:\/\/ewamartynkien.com\/index.php\/category\/serialetvdladzieci\/\" rel=\"category tag\">Seriale TV dla dzieci<\/a>\t\t\t\t<\/div>\n\t\t\t\n\t\t\t\t\t<\/div>\n\t\t\n\t\t\t\t\t<\/div>\n\n\t\t\t\t\t\t\t<div class=\"premium-blog-content-inner-wrapper\">\n\t\t<p class=\"premium-blog-post-content\">\u00a0 \u201eMyszka w Paski i podr\u00f3\u017ce kolej\u0105\u201d to kolejna seria edukacyjna dla dzieci 3+, w kt\u00f3rej Myszka i przedszkolaki opowiadaj\u0105 o tym,<\/p><div class=\"premium-blog-excerpt-link-wrap\"><a href=\"https:\/\/ewamartynkien.com\/index.php\/2026\/04\/16\/myszka-w-paski-i-podroze-koleja\/\" target=\"_blank\" class=\"premium-blog-excerpt-link elementor-button\">Czytaj wi\u0119cej \u00bb<\/a><\/div>\t\t<\/div>\n\t\t\t\t\t\t\t\n\t\t\t\t<\/div>\n\t\t\t<\/div>\n\t\t<\/div>\n\n\t\t\t\t<div class=\"premium-blog-post-outer-container\" data-total=\"2\">\n\t\t\t<div class=\"premium-blog-post-container premium-blog-skin-classic\">\n\t\t\t\t\t\t\t\t\t<div class=\"premium-blog-thumb-effect-wrapper\">\n\t\t\t\t\t\t<div class=\"premium-blog-thumbnail-container premium-blog-zoomin-effect\">\n\t\t\t\t\t\t\t<img decoding=\"async\" width=\"900\" height=\"506\" src=\"https:\/\/ewamartynkien.com\/wp-content\/uploads\/2026\/04\/Hania_i_Grymasek_1.jpg\" class=\"attachment-full size-full wp-image-783\" alt=\"\" srcset=\"https:\/\/ewamartynkien.com\/wp-content\/uploads\/2026\/04\/Hania_i_Grymasek_1.jpg 900w, https:\/\/ewamartynkien.com\/wp-content\/uploads\/2026\/04\/Hania_i_Grymasek_1-300x169.jpg 300w, https:\/\/ewamartynkien.com\/wp-content\/uploads\/2026\/04\/Hania_i_Grymasek_1-768x432.jpg 768w\" sizes=\"(max-width: 900px) 100vw, 900px\" \/>\t\t\t\t\t\t<\/div>\n\t\t\t\t\t\t\t\t\t\t\t\t\t<div class=\"premium-blog-thumbnail-overlay\">\n\t\t\t\t\t\t\t\t<a class=\"elementor-icon\" href=\"https:\/\/ewamartynkien.com\/index.php\/2026\/04\/16\/ksiezniczka-hania-i-grymasek-2\/\" target=\"_blank\"><\/a>\n\t\t\t\t\t\t\t<\/div>\n\n\t\t\t\t\t\t\t\t\t\t\t\t\t\t\t\t\t\t<\/div>\n\t\t\t\t\t\t\t\t\t\t\t\t<div class=\"premium-blog-content-wrapper \">\n\n\t\t\t\t\t<div class=\"premium-blog-inner-container\">\n\n\t\t\t\t\t\t\t\t\t\t\t\t\t\t<h2 class=\"premium-blog-entry-title\">\n\t\t\t<a href=\"https:\/\/ewamartynkien.com\/index.php\/2026\/04\/16\/ksiezniczka-hania-i-grymasek-2\/\" target=\"_blank\">\n\t\t\t\tKsi\u0119\u017cniczka Hania i Grymasek\t\t\t<\/a>\n\t\t<\/h2>\n\t\t\t\t<div class=\"premium-blog-entry-meta\">\n\t\t\t\n\t\t\t\n\t\t\t\t\t\t\t<span class=\"premium-blog-meta-separator\">\u2022<\/span>\n\t\t\t\t<div class=\"premium-blog-post-categories premium-blog-meta-data\">\n\t\t\t\t\t<i class=\"fa fa-align-left fa-fw\" aria-hidden=\"true\"><\/i>\n\t\t\t\t\t<a href=\"https:\/\/ewamartynkien.com\/index.php\/category\/serialetvdladzieci\/\" rel=\"category tag\">Seriale TV dla dzieci<\/a>\t\t\t\t<\/div>\n\t\t\t\n\t\t\t\t\t<\/div>\n\t\t\n\t\t\t\t\t<\/div>\n\n\t\t\t\t\t\t\t<div class=\"premium-blog-content-inner-wrapper\">\n\t\t<p class=\"premium-blog-post-content\">\u00a0 serial animowany dla dzieci \/ animated series for kidsProducer MiniMIni+Director Leszek NowickiScriptwriter Ewa Martynkien Za g\u00f3rami, za lasami by\u0142o sobie Kr\u00f3lestwo.<\/p><div class=\"premium-blog-excerpt-link-wrap\"><a href=\"https:\/\/ewamartynkien.com\/index.php\/2026\/04\/16\/ksiezniczka-hania-i-grymasek-2\/\" target=\"_blank\" class=\"premium-blog-excerpt-link elementor-button\">Czytaj wi\u0119cej \u00bb<\/a><\/div>\t\t<\/div>\n\t\t\t\t\t\t\t\n\t\t\t\t<\/div>\n\t\t\t<\/div>\n\t\t<\/div>\n\n\t\t\t\t<div class=\"premium-blog-post-outer-container\" data-total=\"2\">\n\t\t\t<div class=\"premium-blog-post-container premium-blog-skin-classic\">\n\t\t\t\t\t\t\t\t\t<div class=\"premium-blog-thumb-effect-wrapper\">\n\t\t\t\t\t\t<div class=\"premium-blog-thumbnail-container premium-blog-zoomin-effect\">\n\t\t\t\t\t\t\t<img loading=\"lazy\" decoding=\"async\" width=\"1024\" height=\"724\" src=\"https:\/\/ewamartynkien.com\/wp-content\/uploads\/2026\/04\/logo-Myszka-w-Paski.jpg\" class=\"attachment-full size-full wp-image-774\" alt=\"\" srcset=\"https:\/\/ewamartynkien.com\/wp-content\/uploads\/2026\/04\/logo-Myszka-w-Paski.jpg 1024w, https:\/\/ewamartynkien.com\/wp-content\/uploads\/2026\/04\/logo-Myszka-w-Paski-300x212.jpg 300w, https:\/\/ewamartynkien.com\/wp-content\/uploads\/2026\/04\/logo-Myszka-w-Paski-768x543.jpg 768w\" sizes=\"(max-width: 1024px) 100vw, 1024px\" \/>\t\t\t\t\t\t<\/div>\n\t\t\t\t\t\t\t\t\t\t\t\t\t<div class=\"premium-blog-thumbnail-overlay\">\n\t\t\t\t\t\t\t\t<a class=\"elementor-icon\" href=\"https:\/\/ewamartynkien.com\/index.php\/2026\/04\/16\/myszka-w-paski\/\" target=\"_blank\"><\/a>\n\t\t\t\t\t\t\t<\/div>\n\n\t\t\t\t\t\t\t\t\t\t\t\t\t\t\t\t\t\t<\/div>\n\t\t\t\t\t\t\t\t\t\t\t\t<div class=\"premium-blog-content-wrapper \">\n\n\t\t\t\t\t<div class=\"premium-blog-inner-container\">\n\n\t\t\t\t\t\t\t\t\t\t\t\t\t\t<h2 class=\"premium-blog-entry-title\">\n\t\t\t<a href=\"https:\/\/ewamartynkien.com\/index.php\/2026\/04\/16\/myszka-w-paski\/\" target=\"_blank\">\n\t\t\t\tMyszka w Paski\t\t\t<\/a>\n\t\t<\/h2>\n\t\t\t\t<div class=\"premium-blog-entry-meta\">\n\t\t\t\n\t\t\t\n\t\t\t\t\t\t\t<span class=\"premium-blog-meta-separator\">\u2022<\/span>\n\t\t\t\t<div class=\"premium-blog-post-categories premium-blog-meta-data\">\n\t\t\t\t\t<i class=\"fa fa-align-left fa-fw\" aria-hidden=\"true\"><\/i>\n\t\t\t\t\t<a href=\"https:\/\/ewamartynkien.com\/index.php\/category\/serialetvdladzieci\/\" rel=\"category tag\">Seriale TV dla dzieci<\/a>\t\t\t\t<\/div>\n\t\t\t\n\t\t\t\t\t<\/div>\n\t\t\n\t\t\t\t\t<\/div>\n\n\t\t\t\t\t\t\t<div class=\"premium-blog-content-inner-wrapper\">\n\t\t<p class=\"premium-blog-post-content\">\u00a0 Myszka w Paski to serial animowany skierowany do najm\u0142odszych widz\u00f3w, wyprodukowany przez MiniMini+. Myszka i przedszkolaki t\u0142umacz\u0105 dzieciom przed telewizorami zasady<\/p><div class=\"premium-blog-excerpt-link-wrap\"><a href=\"https:\/\/ewamartynkien.com\/index.php\/2026\/04\/16\/myszka-w-paski\/\" target=\"_blank\" class=\"premium-blog-excerpt-link elementor-button\">Czytaj wi\u0119cej \u00bb<\/a><\/div>\t\t<\/div>\n\t\t\t\t\t\t\t\n\t\t\t\t<\/div>\n\t\t\t<\/div>\n\t\t<\/div>\n\n\t\t\t\t<div class=\"premium-blog-post-outer-container\" data-total=\"2\">\n\t\t\t<div class=\"premium-blog-post-container premium-blog-skin-classic\">\n\t\t\t\t\t\t\t\t\t<div class=\"premium-blog-thumb-effect-wrapper\">\n\t\t\t\t\t\t<div class=\"premium-blog-thumbnail-container premium-blog-zoomin-effect\">\n\t\t\t\t\t\t\t<img loading=\"lazy\" decoding=\"async\" width=\"306\" height=\"175\" src=\"https:\/\/ewamartynkien.com\/wp-content\/uploads\/2026\/04\/rysuj-z-myszka-logo-copy-6-11-306x175-1.png\" class=\"attachment-full size-full wp-image-762\" alt=\"\" srcset=\"https:\/\/ewamartynkien.com\/wp-content\/uploads\/2026\/04\/rysuj-z-myszka-logo-copy-6-11-306x175-1.png 306w, https:\/\/ewamartynkien.com\/wp-content\/uploads\/2026\/04\/rysuj-z-myszka-logo-copy-6-11-306x175-1-300x172.png 300w\" sizes=\"(max-width: 306px) 100vw, 306px\" \/>\t\t\t\t\t\t<\/div>\n\t\t\t\t\t\t\t\t\t\t\t\t\t<div class=\"premium-blog-thumbnail-overlay\">\n\t\t\t\t\t\t\t\t<a class=\"elementor-icon\" href=\"https:\/\/ewamartynkien.com\/index.php\/2026\/04\/13\/rysuj-z-myszka-w-paski\/\" target=\"_blank\"><\/a>\n\t\t\t\t\t\t\t<\/div>\n\n\t\t\t\t\t\t\t\t\t\t\t\t\t\t\t\t\t\t<\/div>\n\t\t\t\t\t\t\t\t\t\t\t\t<div class=\"premium-blog-content-wrapper \">\n\n\t\t\t\t\t<div class=\"premium-blog-inner-container\">\n\n\t\t\t\t\t\t\t\t\t\t\t\t\t\t<h2 class=\"premium-blog-entry-title\">\n\t\t\t<a href=\"https:\/\/ewamartynkien.com\/index.php\/2026\/04\/13\/rysuj-z-myszka-w-paski\/\" target=\"_blank\">\n\t\t\t\tRysuj z Myszk\u0105 w Paski\t\t\t<\/a>\n\t\t<\/h2>\n\t\t\t\t<div class=\"premium-blog-entry-meta\">\n\t\t\t\n\t\t\t\n\t\t\t\t\t\t\t<span class=\"premium-blog-meta-separator\">\u2022<\/span>\n\t\t\t\t<div class=\"premium-blog-post-categories premium-blog-meta-data\">\n\t\t\t\t\t<i class=\"fa fa-align-left fa-fw\" aria-hidden=\"true\"><\/i>\n\t\t\t\t\t<a href=\"https:\/\/ewamartynkien.com\/index.php\/category\/serialetvdladzieci\/\" rel=\"category tag\">Seriale TV dla dzieci<\/a>\t\t\t\t<\/div>\n\t\t\t\n\t\t\t\t\t<\/div>\n\t\t\n\t\t\t\t\t<\/div>\n\n\t\t\t\t\t\t\t<div class=\"premium-blog-content-inner-wrapper\">\n\t\t<p class=\"premium-blog-post-content\">\u00a0 Program animowany dla\u00a0dzieci w\u00a0wieku\u00a02-5\u00a0lat z\u00a0udzia\u0142em widz\u00f3w wyprodukowany przez\u00a0Canal+.Zaproszone dziecko pokazuje jak\u00a0narysowa\u0107 jaki\u015b przedmiot. Myszka w\u00a0Paski pomaga i\u00a0podpowiada, je\u015bli dziecko o\u00a0czym\u015b zapomni.<\/p><div class=\"premium-blog-excerpt-link-wrap\"><a href=\"https:\/\/ewamartynkien.com\/index.php\/2026\/04\/13\/rysuj-z-myszka-w-paski\/\" target=\"_blank\" class=\"premium-blog-excerpt-link elementor-button\">Czytaj wi\u0119cej \u00bb<\/a><\/div>\t\t<\/div>\n\t\t\t\t\t\t\t\n\t\t\t\t<\/div>\n\t\t\t<\/div>\n\t\t<\/div>\n\n\t\t\t\t<div class=\"premium-blog-post-outer-container\" data-total=\"2\">\n\t\t\t<div class=\"premium-blog-post-container premium-blog-skin-classic\">\n\t\t\t\t\t\t\t\t\t<div class=\"premium-blog-thumb-effect-wrapper\">\n\t\t\t\t\t\t<div class=\"premium-blog-thumbnail-container premium-blog-zoomin-effect\">\n\t\t\t\t\t\t\t<img loading=\"lazy\" decoding=\"async\" width=\"306\" height=\"175\" src=\"https:\/\/ewamartynkien.com\/wp-content\/uploads\/2026\/04\/zagadki-myszki-promo-plansza3d-306x175-1.jpg\" class=\"attachment-full size-full wp-image-755\" alt=\"\" srcset=\"https:\/\/ewamartynkien.com\/wp-content\/uploads\/2026\/04\/zagadki-myszki-promo-plansza3d-306x175-1.jpg 306w, https:\/\/ewamartynkien.com\/wp-content\/uploads\/2026\/04\/zagadki-myszki-promo-plansza3d-306x175-1-300x172.jpg 300w\" sizes=\"(max-width: 306px) 100vw, 306px\" \/>\t\t\t\t\t\t<\/div>\n\t\t\t\t\t\t\t\t\t\t\t\t\t<div class=\"premium-blog-thumbnail-overlay\">\n\t\t\t\t\t\t\t\t<a class=\"elementor-icon\" href=\"https:\/\/ewamartynkien.com\/index.php\/2026\/04\/13\/zagadki-myszki-w-paski\/\" target=\"_blank\"><\/a>\n\t\t\t\t\t\t\t<\/div>\n\n\t\t\t\t\t\t\t\t\t\t\t\t\t\t\t\t\t\t<\/div>\n\t\t\t\t\t\t\t\t\t\t\t\t<div class=\"premium-blog-content-wrapper \">\n\n\t\t\t\t\t<div class=\"premium-blog-inner-container\">\n\n\t\t\t\t\t\t\t\t\t\t\t\t\t\t<h2 class=\"premium-blog-entry-title\">\n\t\t\t<a href=\"https:\/\/ewamartynkien.com\/index.php\/2026\/04\/13\/zagadki-myszki-w-paski\/\" target=\"_blank\">\n\t\t\t\tZagadki Myszki w Paski\t\t\t<\/a>\n\t\t<\/h2>\n\t\t\t\t<div class=\"premium-blog-entry-meta\">\n\t\t\t\n\t\t\t\n\t\t\t\t\t\t\t<span class=\"premium-blog-meta-separator\">\u2022<\/span>\n\t\t\t\t<div class=\"premium-blog-post-categories premium-blog-meta-data\">\n\t\t\t\t\t<i class=\"fa fa-align-left fa-fw\" aria-hidden=\"true\"><\/i>\n\t\t\t\t\t<a href=\"https:\/\/ewamartynkien.com\/index.php\/category\/serialetvdladzieci\/\" rel=\"category tag\">Seriale TV dla dzieci<\/a>\t\t\t\t<\/div>\n\t\t\t\n\t\t\t\t\t<\/div>\n\t\t\n\t\t\t\t\t<\/div>\n\n\t\t\t\t\t\t\t<div class=\"premium-blog-content-inner-wrapper\">\n\t\t<p class=\"premium-blog-post-content\">\u00a0 Program animowany dla\u00a0dzieci w\u00a0wieku 2-5\u00a0lat z\u00a0udzia\u0142em widz\u00f3w wyprodukowany przez Canal+. Zaproszone dziecko przedstawia zagadk\u0119, a\u00a0widzowie przed telewizorami wraz Myszk\u0105 j\u0105\u00a0pr\u00f3buj\u0105 rozwi\u0105za\u0107.<\/p><div class=\"premium-blog-excerpt-link-wrap\"><a href=\"https:\/\/ewamartynkien.com\/index.php\/2026\/04\/13\/zagadki-myszki-w-paski\/\" target=\"_blank\" class=\"premium-blog-excerpt-link elementor-button\">Czytaj wi\u0119cej \u00bb<\/a><\/div>\t\t<\/div>\n\t\t\t\t\t\t\t\n\t\t\t\t<\/div>\n\t\t\t<\/div>\n\t\t<\/div>\n\n\t\t\t\t<div class=\"premium-blog-post-outer-container\" data-total=\"2\">\n\t\t\t<div class=\"premium-blog-post-container premium-blog-skin-classic\">\n\t\t\t\t\t\t\t\t\t<div class=\"premium-blog-thumb-effect-wrapper\">\n\t\t\t\t\t\t<div class=\"premium-blog-thumbnail-container premium-blog-zoomin-effect\">\n\t\t\t\t\t\t\t<img loading=\"lazy\" decoding=\"async\" width=\"306\" height=\"175\" src=\"https:\/\/ewamartynkien.com\/wp-content\/uploads\/2026\/04\/detektyw_lodyga_06-306x175-1.jpg\" class=\"attachment-full size-full wp-image-740\" alt=\"\" srcset=\"https:\/\/ewamartynkien.com\/wp-content\/uploads\/2026\/04\/detektyw_lodyga_06-306x175-1.jpg 306w, https:\/\/ewamartynkien.com\/wp-content\/uploads\/2026\/04\/detektyw_lodyga_06-306x175-1-300x172.jpg 300w\" sizes=\"(max-width: 306px) 100vw, 306px\" \/>\t\t\t\t\t\t<\/div>\n\t\t\t\t\t\t\t\t\t\t\t\t\t<div class=\"premium-blog-thumbnail-overlay\">\n\t\t\t\t\t\t\t\t<a class=\"elementor-icon\" href=\"https:\/\/ewamartynkien.com\/index.php\/2026\/04\/13\/detektyw-lodyga\/\" target=\"_blank\"><\/a>\n\t\t\t\t\t\t\t<\/div>\n\n\t\t\t\t\t\t\t\t\t\t\t\t\t\t\t\t\t\t<\/div>\n\t\t\t\t\t\t\t\t\t\t\t\t<div class=\"premium-blog-content-wrapper \">\n\n\t\t\t\t\t<div class=\"premium-blog-inner-container\">\n\n\t\t\t\t\t\t\t\t\t\t\t\t\t\t<h2 class=\"premium-blog-entry-title\">\n\t\t\t<a href=\"https:\/\/ewamartynkien.com\/index.php\/2026\/04\/13\/detektyw-lodyga\/\" target=\"_blank\">\n\t\t\t\tDetektyw \u0141odyga\t\t\t<\/a>\n\t\t<\/h2>\n\t\t\t\t<div class=\"premium-blog-entry-meta\">\n\t\t\t\n\t\t\t\n\t\t\t\t\t\t\t<span class=\"premium-blog-meta-separator\">\u2022<\/span>\n\t\t\t\t<div class=\"premium-blog-post-categories premium-blog-meta-data\">\n\t\t\t\t\t<i class=\"fa fa-align-left fa-fw\" aria-hidden=\"true\"><\/i>\n\t\t\t\t\t<a href=\"https:\/\/ewamartynkien.com\/index.php\/category\/serialetvdladzieci\/\" rel=\"category tag\">Seriale TV dla dzieci<\/a>\t\t\t\t<\/div>\n\t\t\t\n\t\t\t\t\t<\/div>\n\t\t\n\t\t\t\t\t<\/div>\n\n\t\t\t\t\t\t\t<div class=\"premium-blog-content-inner-wrapper\">\n\t\t<p class=\"premium-blog-post-content\">\u00a0 Serial dla dzieci dla MiniMini+. Jestem tw\u00f3rc\u0105 konceptu, projektu postaci Detektywa oraz autork\u0105 scenariusza i dialog\u00f3w. Detektyw \u0141odyga pomaga dzieciom w<\/p><div class=\"premium-blog-excerpt-link-wrap\"><a href=\"https:\/\/ewamartynkien.com\/index.php\/2026\/04\/13\/detektyw-lodyga\/\" target=\"_blank\" class=\"premium-blog-excerpt-link elementor-button\">Czytaj wi\u0119cej \u00bb<\/a><\/div>\t\t<\/div>\n\t\t\t\t\t\t\t\n\t\t\t\t<\/div>\n\t\t\t<\/div>\n\t\t<\/div>\n\n\t\t\t\t<div class=\"premium-blog-post-outer-container\" data-total=\"2\">\n\t\t\t<div class=\"premium-blog-post-container premium-blog-skin-classic\">\n\t\t\t\t\t\t\t\t\t<div class=\"premium-blog-thumb-effect-wrapper\">\n\t\t\t\t\t\t<div class=\"premium-blog-thumbnail-container premium-blog-zoomin-effect\">\n\t\t\t\t\t\t\t<img loading=\"lazy\" decoding=\"async\" width=\"306\" height=\"175\" src=\"https:\/\/ewamartynkien.com\/wp-content\/uploads\/2026\/04\/5_W2A9071-306x175-1.jpg\" class=\"attachment-full size-full wp-image-733\" alt=\"\" srcset=\"https:\/\/ewamartynkien.com\/wp-content\/uploads\/2026\/04\/5_W2A9071-306x175-1.jpg 306w, https:\/\/ewamartynkien.com\/wp-content\/uploads\/2026\/04\/5_W2A9071-306x175-1-300x172.jpg 300w\" sizes=\"(max-width: 306px) 100vw, 306px\" \/>\t\t\t\t\t\t<\/div>\n\t\t\t\t\t\t\t\t\t\t\t\t\t<div class=\"premium-blog-thumbnail-overlay\">\n\t\t\t\t\t\t\t\t<a class=\"elementor-icon\" href=\"https:\/\/ewamartynkien.com\/index.php\/2026\/04\/13\/wygibajki-seria-2\/\" target=\"_blank\"><\/a>\n\t\t\t\t\t\t\t<\/div>\n\n\t\t\t\t\t\t\t\t\t\t\t\t\t\t\t\t\t\t<\/div>\n\t\t\t\t\t\t\t\t\t\t\t\t<div class=\"premium-blog-content-wrapper \">\n\n\t\t\t\t\t<div class=\"premium-blog-inner-container\">\n\n\t\t\t\t\t\t\t\t\t\t\t\t\t\t<h2 class=\"premium-blog-entry-title\">\n\t\t\t<a href=\"https:\/\/ewamartynkien.com\/index.php\/2026\/04\/13\/wygibajki-seria-2\/\" target=\"_blank\">\n\t\t\t\tWygibajki seria 2\t\t\t<\/a>\n\t\t<\/h2>\n\t\t\t\t<div class=\"premium-blog-entry-meta\">\n\t\t\t\n\t\t\t\n\t\t\t\t\t\t\t<span class=\"premium-blog-meta-separator\">\u2022<\/span>\n\t\t\t\t<div class=\"premium-blog-post-categories premium-blog-meta-data\">\n\t\t\t\t\t<i class=\"fa fa-align-left fa-fw\" aria-hidden=\"true\"><\/i>\n\t\t\t\t\t<a href=\"https:\/\/ewamartynkien.com\/index.php\/category\/serialetvdladzieci\/\" rel=\"category tag\">Seriale TV dla dzieci<\/a>\t\t\t\t<\/div>\n\t\t\t\n\t\t\t\t\t<\/div>\n\t\t\n\t\t\t\t\t<\/div>\n\n\t\t\t\t\t\t\t<div class=\"premium-blog-content-inner-wrapper\">\n\t\t<p class=\"premium-blog-post-content\">\u00a0 \u201eWygibajki\u201dmuzyczny program rozrywkowy dla\u00a0dzieci w\u00a0wieku 3-7\u00a0lat wyprodukowany przez Canal+,emitowany w\u00a0MiniMini+. Ka\u017cdy z\u00a012\u00a0odcink\u00f3w wprowadza ma\u0142ego widza w\u00a0\u015bwiat muzyki i\u00a0ta\u0144ca.Dzieci podr\u00f3\u017cuj\u0105 przez r\u00f3\u017cne<\/p><div class=\"premium-blog-excerpt-link-wrap\"><a href=\"https:\/\/ewamartynkien.com\/index.php\/2026\/04\/13\/wygibajki-seria-2\/\" target=\"_blank\" class=\"premium-blog-excerpt-link elementor-button\">Czytaj wi\u0119cej \u00bb<\/a><\/div>\t\t<\/div>\n\t\t\t\t\t\t\t\n\t\t\t\t<\/div>\n\t\t\t<\/div>\n\t\t<\/div>\n\n\t\t\t\t<div class=\"premium-blog-post-outer-container\" data-total=\"2\">\n\t\t\t<div class=\"premium-blog-post-container premium-blog-skin-classic\">\n\t\t\t\t\t\t\t\t\t<div class=\"premium-blog-thumb-effect-wrapper\">\n\t\t\t\t\t\t<div class=\"premium-blog-thumbnail-container premium-blog-zoomin-effect\">\n\t\t\t\t\t\t\t<img loading=\"lazy\" decoding=\"async\" width=\"306\" height=\"175\" src=\"https:\/\/ewamartynkien.com\/wp-content\/uploads\/2026\/04\/Kuba11-306x175-1.jpg\" class=\"attachment-full size-full wp-image-724\" alt=\"\" srcset=\"https:\/\/ewamartynkien.com\/wp-content\/uploads\/2026\/04\/Kuba11-306x175-1.jpg 306w, https:\/\/ewamartynkien.com\/wp-content\/uploads\/2026\/04\/Kuba11-306x175-1-300x172.jpg 300w\" sizes=\"(max-width: 306px) 100vw, 306px\" \/>\t\t\t\t\t\t<\/div>\n\t\t\t\t\t\t\t\t\t\t\t\t\t<div class=\"premium-blog-thumbnail-overlay\">\n\t\t\t\t\t\t\t\t<a class=\"elementor-icon\" href=\"https:\/\/ewamartynkien.com\/index.php\/2026\/04\/13\/radiowezel-po-godzinach\/\" target=\"_blank\"><\/a>\n\t\t\t\t\t\t\t<\/div>\n\n\t\t\t\t\t\t\t\t\t\t\t\t\t\t\t\t\t\t<\/div>\n\t\t\t\t\t\t\t\t\t\t\t\t<div class=\"premium-blog-content-wrapper \">\n\n\t\t\t\t\t<div class=\"premium-blog-inner-container\">\n\n\t\t\t\t\t\t\t\t\t\t\t\t\t\t<h2 class=\"premium-blog-entry-title\">\n\t\t\t<a href=\"https:\/\/ewamartynkien.com\/index.php\/2026\/04\/13\/radiowezel-po-godzinach\/\" target=\"_blank\">\n\t\t\t\tRadiow\u0119ze\u0142 po godzinach\t\t\t<\/a>\n\t\t<\/h2>\n\t\t\t\t<div class=\"premium-blog-entry-meta\">\n\t\t\t\n\t\t\t\n\t\t\t\t\t\t\t<span class=\"premium-blog-meta-separator\">\u2022<\/span>\n\t\t\t\t<div class=\"premium-blog-post-categories premium-blog-meta-data\">\n\t\t\t\t\t<i class=\"fa fa-align-left fa-fw\" aria-hidden=\"true\"><\/i>\n\t\t\t\t\t<a href=\"https:\/\/ewamartynkien.com\/index.php\/category\/serialetvdladzieci\/\" rel=\"category tag\">Seriale TV dla dzieci<\/a>\t\t\t\t<\/div>\n\t\t\t\n\t\t\t\t\t<\/div>\n\t\t\n\t\t\t\t\t<\/div>\n\n\t\t\t\t\t\t\t<div class=\"premium-blog-content-inner-wrapper\">\n\t\t<p class=\"premium-blog-post-content\">\u00a0 \u201eRadiow\u0119ze\u0142 po godzinach\u201d \u2013 program rozrywkowy dla\u00a0dzieci w\u00a0wieku 7-11\u00a0lat wyprodukowany przez Canal+, emitowany w\u00a0TeleTOON+. Ka\u017cdy z\u00a036\u00a0odcink\u00f3w stanowi mikro histori\u0119 opart\u0105 na\u00a0fabule<\/p><div class=\"premium-blog-excerpt-link-wrap\"><a href=\"https:\/\/ewamartynkien.com\/index.php\/2026\/04\/13\/radiowezel-po-godzinach\/\" target=\"_blank\" class=\"premium-blog-excerpt-link elementor-button\">Czytaj wi\u0119cej \u00bb<\/a><\/div>\t\t<\/div>\n\t\t\t\t\t\t\t\n\t\t\t\t<\/div>\n\t\t\t<\/div>\n\t\t<\/div>\n\n\t\t\t\t\t\t\t<\/div>\n\n\t\t\n\t\t\n\t\t\t\t\t\t<\/div>\n\t\t\t\t\t<\/div>\n\t\t\t\t<\/div>\n\t\t\t\t<\/div>\n\t\t","protected":false},"excerpt":{"rendered":"<p>Myszka w Paski i zdrowy tryb \u017cycia \u2022 Seriale TV dla dzieci Myszka w Paski i zdrowy tryb \u017cycia \u201eMyszka w Paski i zdrowy tryb \u017cycia\u201d to nowa kolejna seria edukacyjna dla dzieci 3+, Czytaj wi\u0119cej \u00bb Myszka w Paski i podr\u00f3\u017ce kolej\u0105 \u2022 Seriale TV dla dzieci Myszka w Paski i podr\u00f3\u017ce kolej\u0105 \u201eMyszka &hellip;<\/p>\n","protected":false},"author":1,"featured_media":0,"parent":0,"menu_order":0,"comment_status":"closed","ping_status":"closed","template":"","meta":{"footnotes":""},"class_list":["post-68","page","type-page","status-publish","hentry"],"_links":{"self":[{"href":"https:\/\/ewamartynkien.com\/index.php\/wp-json\/wp\/v2\/pages\/68","targetHints":{"allow":["GET"]}}],"collection":[{"href":"https:\/\/ewamartynkien.com\/index.php\/wp-json\/wp\/v2\/pages"}],"about":[{"href":"https:\/\/ewamartynkien.com\/index.php\/wp-json\/wp\/v2\/types\/page"}],"author":[{"embeddable":true,"href":"https:\/\/ewamartynkien.com\/index.php\/wp-json\/wp\/v2\/users\/1"}],"replies":[{"embeddable":true,"href":"https:\/\/ewamartynkien.com\/index.php\/wp-json\/wp\/v2\/comments?post=68"}],"version-history":[{"count":13,"href":"https:\/\/ewamartynkien.com\/index.php\/wp-json\/wp\/v2\/pages\/68\/revisions"}],"predecessor-version":[{"id":817,"href":"https:\/\/ewamartynkien.com\/index.php\/wp-json\/wp\/v2\/pages\/68\/revisions\/817"}],"wp:attachment":[{"href":"https:\/\/ewamartynkien.com\/index.php\/wp-json\/wp\/v2\/media?parent=68"}],"curies":[{"name":"wp","href":"https:\/\/api.w.org\/{rel}","templated":true}]}}