{"id":73,"date":"2026-03-25T10:44:24","date_gmt":"2026-03-25T10:44:24","guid":{"rendered":"https:\/\/serwer431481.lh.pl\/autoinstalator\/serwer431481.lh.pl\/wordpress156182\/?page_id=73"},"modified":"2026-04-16T10:10:31","modified_gmt":"2026-04-16T10:10:31","slug":"filmy-familijne","status":"publish","type":"page","link":"https:\/\/ewamartynkien.com\/index.php\/filmy-familijne\/","title":{"rendered":"Filmy familijne"},"content":{"rendered":"\t\t<div data-elementor-type=\"wp-page\" data-elementor-id=\"73\" class=\"elementor elementor-73\">\n\t\t\t\t<div class=\"elementor-element elementor-element-6db8580 e-flex e-con-boxed e-con e-parent\" data-id=\"6db8580\" data-element_type=\"container\" data-e-type=\"container\">\n\t\t\t\t\t<div class=\"e-con-inner\">\n\t\t\t\t<div class=\"elementor-element elementor-element-2f822f1 premium-blog-align-left elementor-widget elementor-widget-premium-addon-blog\" data-id=\"2f822f1\" data-element_type=\"widget\" data-e-type=\"widget\" data-settings=\"{&quot;premium_blog_columns_number&quot;:&quot;33.33%&quot;,&quot;premium_blog_grid&quot;:&quot;yes&quot;,&quot;premium_blog_layout&quot;:&quot;even&quot;,&quot;premium_blog_columns_number_tablet&quot;:&quot;50%&quot;,&quot;premium_blog_columns_number_mobile&quot;:&quot;100%&quot;}\" data-widget_type=\"premium-addon-blog.default\">\n\t\t\t\t\t\n\t\t\n\n\t\t\t\t<div class=\"premium-blog-wrap  premium-blog-even\" data-page=\"73\">\n\t\t\t\t\t\t\t\t\t<div class=\"premium-blog-post-outer-container\" data-total=\"1\">\n\t\t\t<div class=\"premium-blog-post-container premium-blog-skin-classic\">\n\t\t\t\t\t\t\t\t\t<div class=\"premium-blog-thumb-effect-wrapper\">\n\t\t\t\t\t\t<div class=\"premium-blog-thumbnail-container premium-blog-zoomin-effect\">\n\t\t\t\t\t\t\t<img fetchpriority=\"high\" decoding=\"async\" width=\"306\" height=\"175\" src=\"https:\/\/ewamartynkien.com\/wp-content\/uploads\/2026\/04\/Yana-i-Miszka_ikona-306x175-1.jpg\" class=\"attachment-full size-full wp-image-628\" alt=\"\" srcset=\"https:\/\/ewamartynkien.com\/wp-content\/uploads\/2026\/04\/Yana-i-Miszka_ikona-306x175-1.jpg 306w, https:\/\/ewamartynkien.com\/wp-content\/uploads\/2026\/04\/Yana-i-Miszka_ikona-306x175-1-300x172.jpg 300w\" sizes=\"(max-width: 306px) 100vw, 306px\" \/>\t\t\t\t\t\t<\/div>\n\t\t\t\t\t\t\t\t\t\t\t\t\t<div class=\"premium-blog-thumbnail-overlay\">\n\t\t\t\t\t\t\t\t<a class=\"elementor-icon\" href=\"https:\/\/ewamartynkien.com\/index.php\/2026\/04\/13\/yana-i-miszka\/\" target=\"_blank\"><\/a>\n\t\t\t\t\t\t\t<\/div>\n\n\t\t\t\t\t\t\t\t\t\t\t\t\t\t\t\t\t\t<\/div>\n\t\t\t\t\t\t\t\t\t\t\t\t<div class=\"premium-blog-content-wrapper \">\n\n\t\t\t\t\t<div class=\"premium-blog-inner-container\">\n\n\t\t\t\t\t\t\t\t\t\t\t\t\t\t<h2 class=\"premium-blog-entry-title\">\n\t\t\t<a href=\"https:\/\/ewamartynkien.com\/index.php\/2026\/04\/13\/yana-i-miszka\/\" target=\"_blank\">\n\t\t\t\tYana i Miszka\t\t\t<\/a>\n\t\t<\/h2>\n\t\t\t\t<div class=\"premium-blog-entry-meta\">\n\t\t\t\n\t\t\t\n\t\t\t\t\t\t\t<span class=\"premium-blog-meta-separator\">\u2022<\/span>\n\t\t\t\t<div class=\"premium-blog-post-categories premium-blog-meta-data\">\n\t\t\t\t\t<i class=\"fa fa-align-left fa-fw\" aria-hidden=\"true\"><\/i>\n\t\t\t\t\t<a href=\"https:\/\/ewamartynkien.com\/index.php\/category\/filmyfamilijne\/\" rel=\"category tag\">Filmy familijne<\/a>\t\t\t\t<\/div>\n\t\t\t\n\t\t\t\t\t<\/div>\n\t\t\n\t\t\t\t\t<\/div>\n\n\t\t\t\t\t\t\t<div class=\"premium-blog-content-inner-wrapper\">\n\t\t<p class=\"premium-blog-post-content\">\u00a0 Typ: film kr\u00f3tkometra\u017cowy dla dzieciD\u0142ugo\u015b\u0107: 15 minTarget: kr\u00f3tkometra\u017cowy film dla dzieci 8+Scenariusz:\u00a0Ewa MartynkienOpis:\u00a0Yana (10) wraz z mam\u0105 i m\u0142odszym bratem Boyko<\/p><div class=\"premium-blog-excerpt-link-wrap\"><a href=\"https:\/\/ewamartynkien.com\/index.php\/2026\/04\/13\/yana-i-miszka\/\" target=\"_blank\" class=\"premium-blog-excerpt-link elementor-button\">Czytaj wi\u0119cej \u00bb<\/a><\/div>\t\t<\/div>\n\t\t\t\t\t\t\t\n\t\t\t\t<\/div>\n\t\t\t<\/div>\n\t\t<\/div>\n\n\t\t\t\t<div class=\"premium-blog-post-outer-container\" data-total=\"1\">\n\t\t\t<div class=\"premium-blog-post-container premium-blog-skin-classic\">\n\t\t\t\t\t\t\t\t\t<div class=\"premium-blog-thumb-effect-wrapper\">\n\t\t\t\t\t\t<div class=\"premium-blog-thumbnail-container premium-blog-zoomin-effect\">\n\t\t\t\t\t\t\t<img decoding=\"async\" width=\"306\" height=\"175\" src=\"https:\/\/ewamartynkien.com\/wp-content\/uploads\/2026\/04\/ikona-Jak-zdobyc-supermoce-306x175-1.jpg\" class=\"attachment-full size-full wp-image-646\" alt=\"\" srcset=\"https:\/\/ewamartynkien.com\/wp-content\/uploads\/2026\/04\/ikona-Jak-zdobyc-supermoce-306x175-1.jpg 306w, https:\/\/ewamartynkien.com\/wp-content\/uploads\/2026\/04\/ikona-Jak-zdobyc-supermoce-306x175-1-300x172.jpg 300w\" sizes=\"(max-width: 306px) 100vw, 306px\" \/>\t\t\t\t\t\t<\/div>\n\t\t\t\t\t\t\t\t\t\t\t\t\t<div class=\"premium-blog-thumbnail-overlay\">\n\t\t\t\t\t\t\t\t<a class=\"elementor-icon\" href=\"https:\/\/ewamartynkien.com\/index.php\/2026\/04\/13\/jak-zdobyc-supermoce-2\/\" target=\"_blank\"><\/a>\n\t\t\t\t\t\t\t<\/div>\n\n\t\t\t\t\t\t\t\t\t\t\t\t\t\t\t\t\t\t<\/div>\n\t\t\t\t\t\t\t\t\t\t\t\t<div class=\"premium-blog-content-wrapper \">\n\n\t\t\t\t\t<div class=\"premium-blog-inner-container\">\n\n\t\t\t\t\t\t\t\t\t\t\t\t\t\t<h2 class=\"premium-blog-entry-title\">\n\t\t\t<a href=\"https:\/\/ewamartynkien.com\/index.php\/2026\/04\/13\/jak-zdobyc-supermoce-2\/\" target=\"_blank\">\n\t\t\t\tJak zdoby\u0107 supermoce\t\t\t<\/a>\n\t\t<\/h2>\n\t\t\t\t<div class=\"premium-blog-entry-meta\">\n\t\t\t\n\t\t\t\n\t\t\t\t\t\t\t<span class=\"premium-blog-meta-separator\">\u2022<\/span>\n\t\t\t\t<div class=\"premium-blog-post-categories premium-blog-meta-data\">\n\t\t\t\t\t<i class=\"fa fa-align-left fa-fw\" aria-hidden=\"true\"><\/i>\n\t\t\t\t\t<a href=\"https:\/\/ewamartynkien.com\/index.php\/category\/filmyfamilijne\/\" rel=\"category tag\">Filmy familijne<\/a>\t\t\t\t<\/div>\n\t\t\t\n\t\t\t\t\t<\/div>\n\t\t\n\t\t\t\t\t<\/div>\n\n\t\t\t\t\t\t\t<div class=\"premium-blog-content-inner-wrapper\">\n\t\t<p class=\"premium-blog-post-content\">\u00a0 Typ:\u00a0film fabularny, przygodowyD\u0142ugo\u015b\u0107:\u00a085 minTarget:\u00a0film familijny dla dzieci 9+Scenariusz:\u00a0Ewa MartynkienOpis:\u00a0Jak zdoby\u0107 supermoce\u00a0to fabularny film familijny dla dzieci w wieku 9-12 lat, poruszaj\u0105cy<\/p><div class=\"premium-blog-excerpt-link-wrap\"><a href=\"https:\/\/ewamartynkien.com\/index.php\/2026\/04\/13\/jak-zdobyc-supermoce-2\/\" target=\"_blank\" class=\"premium-blog-excerpt-link elementor-button\">Czytaj wi\u0119cej \u00bb<\/a><\/div>\t\t<\/div>\n\t\t\t\t\t\t\t\n\t\t\t\t<\/div>\n\t\t\t<\/div>\n\t\t<\/div>\n\n\t\t\t\t\t\t\t<\/div>\n\n\t\t\n\t\t\n\t\t\t\t\t\t<\/div>\n\t\t\t\t\t<\/div>\n\t\t\t\t<\/div>\n\t\t\t\t<\/div>\n\t\t","protected":false},"excerpt":{"rendered":"<p>Yana i Miszka \u2022 Filmy familijne Yana i Miszka Typ: film kr\u00f3tkometra\u017cowy dla dzieciD\u0142ugo\u015b\u0107: 15 minTarget: kr\u00f3tkometra\u017cowy film dla dzieci 8+Scenariusz:\u00a0Ewa MartynkienOpis:\u00a0Yana (10) wraz z mam\u0105 i m\u0142odszym Czytaj wi\u0119cej \u00bb Jak zdoby\u0107 supermoce \u2022 Filmy familijne \u00a0 Typ:\u00a0film fabularny, przygodowyD\u0142ugo\u015b\u0107:\u00a085 minTarget:\u00a0film familijny dla dzieci 9+Scenariusz:\u00a0Ewa MartynkienOpis:\u00a0Jak zdoby\u0107 supermoce\u00a0to fabularny film familijny dla dzieci w &hellip;<\/p>\n","protected":false},"author":1,"featured_media":0,"parent":0,"menu_order":0,"comment_status":"closed","ping_status":"closed","template":"","meta":{"footnotes":""},"class_list":["post-73","page","type-page","status-publish","hentry"],"_links":{"self":[{"href":"https:\/\/ewamartynkien.com\/index.php\/wp-json\/wp\/v2\/pages\/73","targetHints":{"allow":["GET"]}}],"collection":[{"href":"https:\/\/ewamartynkien.com\/index.php\/wp-json\/wp\/v2\/pages"}],"about":[{"href":"https:\/\/ewamartynkien.com\/index.php\/wp-json\/wp\/v2\/types\/page"}],"author":[{"embeddable":true,"href":"https:\/\/ewamartynkien.com\/index.php\/wp-json\/wp\/v2\/users\/1"}],"replies":[{"embeddable":true,"href":"https:\/\/ewamartynkien.com\/index.php\/wp-json\/wp\/v2\/comments?post=73"}],"version-history":[{"count":16,"href":"https:\/\/ewamartynkien.com\/index.php\/wp-json\/wp\/v2\/pages\/73\/revisions"}],"predecessor-version":[{"id":810,"href":"https:\/\/ewamartynkien.com\/index.php\/wp-json\/wp\/v2\/pages\/73\/revisions\/810"}],"wp:attachment":[{"href":"https:\/\/ewamartynkien.com\/index.php\/wp-json\/wp\/v2\/media?parent=73"}],"curies":[{"name":"wp","href":"https:\/\/api.w.org\/{rel}","templated":true}]}}